{"id":1671,"date":"2025-06-24T12:51:32","date_gmt":"2025-06-24T12:51:32","guid":{"rendered":"https:\/\/alfonsosilvan.es\/?page_id=1671"},"modified":"2025-11-12T16:56:57","modified_gmt":"2025-11-12T16:56:57","slug":"about","status":"publish","type":"page","link":"https:\/\/alfonsosilvan.es\/en\/about\/","title":{"rendered":"About"},"content":{"rendered":"<div class=\"wp-block-media-text is-stacked-on-mobile is-vertically-aligned-center has-normal-font-size\" style=\"grid-template-columns:40% auto\"><figure class=\"wp-block-media-text__media\"><img loading=\"lazy\" decoding=\"async\" width=\"1637\" height=\"2045\" src=\"https:\/\/alfonsosilvan.es\/wp-content\/uploads\/2025\/06\/IMG_0684.jpeg\" alt=\"\" class=\"wp-image-1675 size-full\" srcset=\"https:\/\/alfonsosilvan.es\/wp-content\/uploads\/2025\/06\/IMG_0684.jpeg 1637w, https:\/\/alfonsosilvan.es\/wp-content\/uploads\/2025\/06\/IMG_0684-240x300.jpeg 240w, https:\/\/alfonsosilvan.es\/wp-content\/uploads\/2025\/06\/IMG_0684-820x1024.jpeg 820w, https:\/\/alfonsosilvan.es\/wp-content\/uploads\/2025\/06\/IMG_0684-768x959.jpeg 768w, https:\/\/alfonsosilvan.es\/wp-content\/uploads\/2025\/06\/IMG_0684-1230x1536.jpeg 1230w, https:\/\/alfonsosilvan.es\/wp-content\/uploads\/2025\/06\/IMG_0684-10x12.jpeg 10w, https:\/\/alfonsosilvan.es\/wp-content\/uploads\/2025\/06\/IMG_0684-300x375.jpeg 300w, https:\/\/alfonsosilvan.es\/wp-content\/uploads\/2025\/06\/IMG_0684-600x750.jpeg 600w\" sizes=\"auto, (max-width: 1637px) 100vw, 1637px\" \/><\/figure><div class=\"wp-block-media-text__content\">\n<p class=\"justificado has-normal-font-size\">Alfonso Silv\u00e1n (Madrid, 1994) is a contemporary visual artist specializing in acrylic portraiture. His style combines expressive realism with a vibrant and emotional palette, in a constant quest to capture the truth of the human being through the gaze.<\/p>\n\n\n\n<p class=\"justificado has-normal-font-size\">Although he knew from a young age that art would be an essential part of his life, his path as a professional artist was not linear. After an initial period of engineering studies and a turning point in his injury, he left the established traditions behind to pursue his calling and train in Fine Arts. Since then, he has developed a unique style that reflects both his technique and his sensitivity.<\/p>\n\n\n\n<p class=\"justificado has-normal-font-size\">Today, Alfonso creates works with a recognizable and powerful identity, where each portrait is not just a face, but a soul revealed.<\/p>\n\n\n\n<p class=\"justificado has-normal-font-size\">His style and work have been acclaimed by a multitude of media outlets and personalities who have wished to obtain a portrait of him.<\/p>\n\n\n\n<p class=\"justificado has-normal-font-size\">A Silv\u00e1n is a unique, unrepeatable, pure and exceptional work of art.<\/p>\n\n\n\n<hr class=\"wp-block-separator has-alpha-channel-opacity\"\/>\n\n\n\n<p class=\"has-text-align-left has-small-font-size\"><em>\"My intention is never to portray faces, but souls\" <\/em>&#8211; A.Silv\u00e1n<\/p>\n<\/div><\/div>\n\n\n\n<p class=\"has-text-align-center\" style=\"font-size:20px\"><strong>Style and Artistic Process<\/strong><\/p>\n\n\n\n<p class=\"justificado has-normal-font-size\">His work revolves around the portrait as a vehicle for truth. He paints what he feels, what he intuits, what he deeply observes. He is interested in the most honest expression of each person, their story contained in a glance.<br>Her creative process combines stages of silent contemplation, connecting and journeying inward through color, and finally combining it with the \"reality\" we all see. She works with visible brushstrokes and stark contrasts, using color as an emotional language.<\/p>\n\n\n\n<hr class=\"wp-block-separator has-alpha-channel-opacity\"\/>\n\n\n\n<div class=\"wp-block-columns is-layout-flex wp-container-core-columns-is-layout-9d6595d7 wp-block-columns-is-layout-flex\">\n<div class=\"wp-block-column is-layout-flow wp-block-column-is-layout-flow\" style=\"flex-basis:100%\">\n<div class=\"wp-block-columns is-layout-flex wp-container-core-columns-is-layout-9d6595d7 wp-block-columns-is-layout-flex\">\n<div class=\"wp-block-column is-layout-flow wp-block-column-is-layout-flow\">\n<figure class=\"wp-block-image size-large\"><img loading=\"lazy\" decoding=\"async\" width=\"1024\" height=\"731\" src=\"https:\/\/alfonsosilvan.es\/wp-content\/uploads\/2025\/06\/IMG_0687-1024x731.jpeg\" alt=\"\" class=\"wp-image-1712\" srcset=\"https:\/\/alfonsosilvan.es\/wp-content\/uploads\/2025\/06\/IMG_0687-1024x731.jpeg 1024w, https:\/\/alfonsosilvan.es\/wp-content\/uploads\/2025\/06\/IMG_0687-300x214.jpeg 300w, https:\/\/alfonsosilvan.es\/wp-content\/uploads\/2025\/06\/IMG_0687-768x549.jpeg 768w, https:\/\/alfonsosilvan.es\/wp-content\/uploads\/2025\/06\/IMG_0687-18x12.jpeg 18w, https:\/\/alfonsosilvan.es\/wp-content\/uploads\/2025\/06\/IMG_0687-600x429.jpeg 600w, https:\/\/alfonsosilvan.es\/wp-content\/uploads\/2025\/06\/IMG_0687.jpeg 1519w\" sizes=\"auto, (max-width: 1024px) 100vw, 1024px\" \/><figcaption class=\"wp-element-caption\"><strong><em>Red is intensity, it is life, it is beginning.<\/em><\/strong><br><strong>It's where he finds his starting point to feel artistic freedom and begin to create... It's the color of the blood that runs through our veins\u2014a coincidence, perhaps? It's a very specific red that he creates by mixing multiple colors: Silv\u00e1n Red.<\/strong><\/figcaption><\/figure>\n<\/div>\n\n\n\n<div class=\"wp-block-column is-layout-flow wp-block-column-is-layout-flow\">\n<figure class=\"wp-block-image size-large\"><img loading=\"lazy\" decoding=\"async\" width=\"1024\" height=\"731\" src=\"https:\/\/alfonsosilvan.es\/wp-content\/uploads\/2025\/06\/IMG_0691-1024x731.jpeg\" alt=\"\" class=\"wp-image-1714\" srcset=\"https:\/\/alfonsosilvan.es\/wp-content\/uploads\/2025\/06\/IMG_0691-1024x731.jpeg 1024w, https:\/\/alfonsosilvan.es\/wp-content\/uploads\/2025\/06\/IMG_0691-300x214.jpeg 300w, https:\/\/alfonsosilvan.es\/wp-content\/uploads\/2025\/06\/IMG_0691-768x549.jpeg 768w, https:\/\/alfonsosilvan.es\/wp-content\/uploads\/2025\/06\/IMG_0691-1536x1097.jpeg 1536w, https:\/\/alfonsosilvan.es\/wp-content\/uploads\/2025\/06\/IMG_0691-18x12.jpeg 18w, https:\/\/alfonsosilvan.es\/wp-content\/uploads\/2025\/06\/IMG_0691-600x429.jpeg 600w, https:\/\/alfonsosilvan.es\/wp-content\/uploads\/2025\/06\/IMG_0691.jpeg 1617w\" sizes=\"auto, (max-width: 1024px) 100vw, 1024px\" \/><figcaption class=\"wp-element-caption\"><strong><em>Impossible colors, wild emotions.<\/em><\/strong><br><strong>Recognizable yet dreamlike. Instinct and free brushstroke. This is the stage of the wildest painting, where the energy and color in each brushstroke are revealed to the subject at that precise moment. It's like entering a trance where time stops and there is only communication between God, the portrait, and the subject.<\/strong>. <br><strong>This is where his renowned \"First Look\" emerges.<\/strong><\/figcaption><\/figure>\n<\/div>\n\n\n\n<div class=\"wp-block-column is-layout-flow wp-block-column-is-layout-flow\">\n<figure class=\"wp-block-image size-large\"><img loading=\"lazy\" decoding=\"async\" width=\"1024\" height=\"731\" src=\"https:\/\/alfonsosilvan.es\/wp-content\/uploads\/2025\/06\/IMG_0689-1024x731.jpeg\" alt=\"\" class=\"wp-image-1713\" srcset=\"https:\/\/alfonsosilvan.es\/wp-content\/uploads\/2025\/06\/IMG_0689-1024x731.jpeg 1024w, https:\/\/alfonsosilvan.es\/wp-content\/uploads\/2025\/06\/IMG_0689-300x214.jpeg 300w, https:\/\/alfonsosilvan.es\/wp-content\/uploads\/2025\/06\/IMG_0689-768x549.jpeg 768w, https:\/\/alfonsosilvan.es\/wp-content\/uploads\/2025\/06\/IMG_0689-1536x1097.jpeg 1536w, https:\/\/alfonsosilvan.es\/wp-content\/uploads\/2025\/06\/IMG_0689-18x12.jpeg 18w, https:\/\/alfonsosilvan.es\/wp-content\/uploads\/2025\/06\/IMG_0689-600x429.jpeg 600w, https:\/\/alfonsosilvan.es\/wp-content\/uploads\/2025\/06\/IMG_0689.jpeg 1841w\" sizes=\"auto, (max-width: 1024px) 100vw, 1024px\" \/><figcaption class=\"wp-element-caption\"><em><strong>Precision, character, truth.<\/strong><\/em><br><strong>Every stroke is decisive, sometimes carefully crafted, sometimes loose and free. Countless layers of paint, revealing each other from the very beginning\u2026 The painting comes to life and is no longer a painting; it is a reality filled with truth, purity, emotion, and sensitivity.<\/strong><\/figcaption><\/figure>\n<\/div>\n<\/div>\n\n\n\n<p class=\"justificado has-normal-font-size\">It's not about decorating with color; it's about seeing beyond, revealing what isn't always shown. For Silv\u00e1n, portraiture is an emotional language, where color transforms the gaze and turns it into a symbol. If you always look the same way, you'll always see the same thing.<br>Each work seeks to move, to make one feel. It's not just another face, it's a story. His goal isn't to copy an image, but to interpret its essence and project it to the world through visible brushstrokes, stark contrasts, and carefully crafted details. As he often says:<br><em>\"My intention is never to portray faces, but souls\"<\/em> &#8211; A.Silv\u00e1n<\/p>\n<\/div>\n<\/div>\n\n\n\n<hr class=\"wp-block-separator has-alpha-channel-opacity\"\/>\n\n\n\n<p class=\"has-text-align-center\" style=\"font-size:20px\"><strong>Exhibitions, Events and Collaborations<\/strong><\/p>\n\n\n\n<div class=\"wp-block-media-text has-media-on-the-right is-stacked-on-mobile is-vertically-aligned-top\" style=\"grid-template-columns:auto 40%\"><div class=\"wp-block-media-text__content\">\n<p class=\"has-normal-font-size\"><strong>Exhibitions and events:<\/strong><\/p>\n\n\n\n<ul class=\"wp-block-list\">\n<li style=\"font-size:15px\">Solo exhibition \u201cUniverso A.Silv\u00e1n\u201d at the Pilares Art Gallery, Madrid (Spain), 2025<\/li>\n\n\n\n<li style=\"font-size:15px\">Solo exhibition \u201cViews of the Maasai Mara\u201d at the Coliseum of Culture \u2013 Villaviciosa de Od\u00f3n Town Hall, Madrid (Spain), 2025<\/li>\n\n\n\n<li style=\"font-size:15px\">Solo exhibition \u201cA.Silv\u00e1n\u201d with live painting, Hotel Villa Od\u00f3n, Madrid (Spain), 2024<\/li>\n\n\n\n<li style=\"font-size:15px\">Painting for the official music video \u201cAmor Ciego\u201d by Maka, directed by Mowlihawk, Madrid (Spain), 2024<\/li>\n\n\n\n<li style=\"font-size:15px\">Presentation and auction \"Liberation\", charity event Aaron's House by BNI Toledo, Toledo (Spain), 2023<\/li>\n\n\n\n<li style=\"font-size:15px\">Mural \u201cThe Face of Boxing\u201d, organized by the Entre Zarzas Festival, Navarra (Spain), 2023<\/li>\n\n\n\n<li style=\"font-size:15px\">Group exhibition + live painting for the opening event of Atl\u00e1ntico Estudios, Madrid (Spain), 2023<\/li>\n\n\n\n<li style=\"font-size:15px\">Interview for Real Madrid TV, Madrid (Spain), 2022<\/li>\n<\/ul>\n\n\n\n<p class=\"has-normal-font-size\"><strong>Works in private collections and <\/strong><strong>collaboration with national and international personalities:<\/strong><\/p>\n\n\n\n<p style=\"font-size:15px\">Ilia Topuria, Sergio Ramos, Quevedo, Omar Montes and many more\u2026<\/p>\n<\/div><figure class=\"wp-block-media-text__media\"><img loading=\"lazy\" decoding=\"async\" width=\"711\" height=\"1024\" src=\"https:\/\/alfonsosilvan.es\/wp-content\/uploads\/2025\/06\/IMG_1414-1-711x1024.jpeg\" alt=\"\" class=\"wp-image-1705 size-full\" srcset=\"https:\/\/alfonsosilvan.es\/wp-content\/uploads\/2025\/06\/IMG_1414-1-711x1024.jpeg 711w, https:\/\/alfonsosilvan.es\/wp-content\/uploads\/2025\/06\/IMG_1414-1-208x300.jpeg 208w, https:\/\/alfonsosilvan.es\/wp-content\/uploads\/2025\/06\/IMG_1414-1-768x1106.jpeg 768w, https:\/\/alfonsosilvan.es\/wp-content\/uploads\/2025\/06\/IMG_1414-1-1066x1536.jpeg 1066w, https:\/\/alfonsosilvan.es\/wp-content\/uploads\/2025\/06\/IMG_1414-1-8x12.jpeg 8w, https:\/\/alfonsosilvan.es\/wp-content\/uploads\/2025\/06\/IMG_1414-1-600x864.jpeg 600w, https:\/\/alfonsosilvan.es\/wp-content\/uploads\/2025\/06\/IMG_1414-1.jpeg 1240w\" sizes=\"auto, (max-width: 711px) 100vw, 711px\" \/><\/figure><\/div>\n\n\n\n<hr class=\"wp-block-separator has-alpha-channel-opacity\"\/>\n\n\n<div class=\"wp-block-image\">\n<figure class=\"aligncenter size-full is-resized\"><img loading=\"lazy\" decoding=\"async\" width=\"150\" height=\"72\" src=\"https:\/\/alfonsosilvan.es\/wp-content\/uploads\/2021\/11\/asilvan-sign-logo-small.png\" alt=\"\" class=\"wp-image-72\" style=\"width:184px;height:auto\"\/><\/figure>\n<\/div>\n\n\n<p class=\"has-text-align-center\" style=\"font-size:15px\"><a href=\"https:\/\/alfonsosilvan.es\/en\/contacto\/\">Contact me<\/a><\/p>\n\n\n\n<p><\/p>","protected":false},"excerpt":{"rendered":"<p>Estilo y Proceso Art\u00edstico Su obra gira en torno al retrato como veh\u00edculo de verdad. Pinta lo que siente, lo que intuye, lo que observa profundamente. Le interesa la expresi\u00f3n<\/p>\n<p class=\"more-link\"><a href=\"https:\/\/alfonsosilvan.es\/en\/about\/\" class=\"readmore\">Continue reading<svg class=\"icon icon-arrow-right\" aria-hidden=\"true\" role=\"img\"> <use href=\"#icon-arrow-right\" xlink:href=\"#icon-arrow-right\"><\/use> <\/svg><span class=\"screen-reader-text\">About<\/span><\/a><\/p>","protected":false},"author":1,"featured_media":0,"parent":0,"menu_order":0,"comment_status":"closed","ping_status":"closed","template":"","meta":{"footnotes":""},"class_list":["post-1671","page","type-page","status-publish","hentry"],"_links":{"self":[{"href":"https:\/\/alfonsosilvan.es\/en\/wp-json\/wp\/v2\/pages\/1671","targetHints":{"allow":["GET"]}}],"collection":[{"href":"https:\/\/alfonsosilvan.es\/en\/wp-json\/wp\/v2\/pages"}],"about":[{"href":"https:\/\/alfonsosilvan.es\/en\/wp-json\/wp\/v2\/types\/page"}],"author":[{"embeddable":true,"href":"https:\/\/alfonsosilvan.es\/en\/wp-json\/wp\/v2\/users\/1"}],"replies":[{"embeddable":true,"href":"https:\/\/alfonsosilvan.es\/en\/wp-json\/wp\/v2\/comments?post=1671"}],"version-history":[{"count":128,"href":"https:\/\/alfonsosilvan.es\/en\/wp-json\/wp\/v2\/pages\/1671\/revisions"}],"predecessor-version":[{"id":2422,"href":"https:\/\/alfonsosilvan.es\/en\/wp-json\/wp\/v2\/pages\/1671\/revisions\/2422"}],"wp:attachment":[{"href":"https:\/\/alfonsosilvan.es\/en\/wp-json\/wp\/v2\/media?parent=1671"}],"curies":[{"name":"wp","href":"https:\/\/api.w.org\/{rel}","templated":true}]}}