{"id":2090,"date":"2025-09-02T14:56:46","date_gmt":"2025-09-02T14:56:46","guid":{"rendered":"https:\/\/alfonsosilvan.es\/?page_id=2090"},"modified":"2025-09-02T14:57:37","modified_gmt":"2025-09-02T14:57:37","slug":"religiosas","status":"publish","type":"page","link":"https:\/\/alfonsosilvan.es\/en\/obra-original\/religiosas\/","title":{"rendered":"Obra Original &#8211; Religiosas"},"content":{"rendered":"\n<p class=\"has-text-align-center has-large-font-size\"><strong><a style=\"text-decoration:none\" href=\"https:\/\/alfonsosilvan.es\/obra-original\/\" data-type=\"page\" data-id=\"778\">Obra Original<\/a><\/strong><\/p>\n\n\n\n<p class=\"has-text-align-center\"><a href=\"https:\/\/alfonsosilvan.es\/obra-original\/religiosas\/\" data-type=\"page\" data-id=\"810\"><strong>Religiosas<\/strong><\/a> \u00b7 <a style=\"text-decoration:none\" href=\"https:\/\/alfonsosilvan.es\/obra-original\/leyendas\/\" data-type=\"page\" data-id=\"810\">Leyendas<\/a> \u00b7 <a style=\"text-decoration:none\" href=\"https:\/\/alfonsosilvan.es\/obra-original\/iconos\/\" data-type=\"page\" data-id=\"807\">Iconos<\/a> \u00b7 <a style=\"text-decoration:none\" href=\"https:\/\/alfonsosilvan.es\/obra-original\/animales\/\" data-type=\"page\" data-id=\"814\">Animales<\/a> \u00b7 <a style=\"text-decoration:none\" href=\"https:\/\/alfonsosilvan.es\/obra-original\/puro-en-rojo\/\" data-type=\"page\" data-id=\"888\">Puro en Rojo<\/a> \u00b7 <a style=\"text-decoration:none\" href=\"https:\/\/alfonsosilvan.es\/obra-original\/africa\/\" data-type=\"page\" data-id=\"1086\">\u00c1frica<\/a> \u00b7 <a style=\"text-decoration:none\" href=\"https:\/\/alfonsosilvan.es\/obra-original\/otros\/\" data-type=\"page\" data-id=\"817\">Otros<\/a> \u00b7 <a style=\"text-decoration:none\" href=\"https:\/\/alfonsosilvan.es\/obra-original\/encargos\/\" data-type=\"page\" data-id=\"817\">Encargos<\/a><\/p>\n\n\n\n<hr class=\"wp-block-separator has-text-color has-white-color has-alpha-channel-opacity has-white-background-color has-background is-style-wide\"\/>\n\n\n\n<p class=\"has-text-align-left has-normal-font-size\">A.Silv\u00e1n es un artista que siempre se ha guiado por su lo que dicta su alma a la hora de pintar. En sus colecciones personales elige muy cuidadosamente qu\u00e9 pintar y c\u00f3mo hacerlo, y en este caso nos cautiva con una serie de obras dedicadas a su fe cristiana.<br>Dios es un pilar fundamental en su vida y en su d\u00eda a d\u00eda. El mismo explica que no existe su proceso creativo sin la ayuda y obra del se\u00f1or. Por eso esta colecci\u00f3n comenz\u00f3 con un cuadro de Jesucristo, pero contin\u00faa con diferentes obras de arte sacro y tambi\u00e9n religiosas, b\u00edblicas o inspiradas y tra\u00eddas a nuestro tiempo.<br>En estas obras Alfonso Silv\u00e1n nos deja un arte emocionalmente desgarrador, puro, inspirador y cautivador, si en otros casos hemos indicado que su arte tiene alma, en estas obras se intensifica a\u00fan m\u00e1s&#8230;<\/p>\n\n\n\n<hr class=\"wp-block-separator has-alpha-channel-opacity\"\/>\n\n\n<div data-block-name=\"woocommerce\/product-category\" data-categories=\"[58]\" data-columns=\"4\" data-orderby=\"menu_order\" data-rows=\"5\" class=\"wc-block-grid wp-block-product-category wp-block-woocommerce-product-category wc-block-product-category has-4-columns has-multiple-rows\"><ul class=\"wc-block-grid__products\"><li class=\"wc-block-grid__product\">\n\t\t\t\t<a href=\"https:\/\/alfonsosilvan.es\/en\/obra\/eva-s-xxi\/\" class=\"wc-block-grid__product-link\">\n\t\t\t\t\t\n\t\t\t\t\t<div class=\"wc-block-grid__product-image\"><img loading=\"lazy\" decoding=\"async\" width=\"300\" height=\"375\" src=\"https:\/\/alfonsosilvan.es\/wp-content\/uploads\/2025\/10\/EVA-SXXI-ASILVAN-300x375.jpg\" class=\"attachment-woocommerce_thumbnail size-woocommerce_thumbnail\" alt=\"EVA S. XXI\" srcset=\"https:\/\/alfonsosilvan.es\/wp-content\/uploads\/2025\/10\/EVA-SXXI-ASILVAN-300x375.jpg 300w, https:\/\/alfonsosilvan.es\/wp-content\/uploads\/2025\/10\/EVA-SXXI-ASILVAN-9x12.jpg 9w\" sizes=\"auto, (max-width: 300px) 100vw, 300px\" \/><\/div>\n\t\t\t\t\t<div class=\"wc-block-grid__product-title\">EVA S. XXI<\/div>\n\t\t\t\t<\/a>\n\t\t\t\t<div class=\"wc-block-grid__product-price price\"><span class=\"woocommerce-Price-amount amount\">7.500,00&nbsp;<span class=\"woocommerce-Price-currencySymbol\">&euro;<\/span><\/span><\/div>\n\t\t\t\t\n\t\t\t\t<div class=\"wp-block-button wc-block-grid__product-add-to-cart\"><a href=\"\/en\/wp-json\/wp\/v2\/pages\/2090?add-to-cart=2320\" aria-label=\"Add to cart: &ldquo;EVA S. XXI&rdquo;\" data-quantity=\"1\" data-product_id=\"2320\" data-product_sku=\"\" data-price=\"7500\" rel=\"nofollow\" class=\"wp-block-button__link  add_to_cart_button ajax_add_to_cart\">Add to cart<\/a><\/div>\n\t\t\t<\/li><li class=\"wc-block-grid__product\">\n\t\t\t\t<a href=\"https:\/\/alfonsosilvan.es\/en\/obra\/el-lamento\/\" class=\"wc-block-grid__product-link\">\n\t\t\t\t\t\n\t\t\t\t\t<div class=\"wc-block-grid__product-image\"><img loading=\"lazy\" decoding=\"async\" width=\"300\" height=\"375\" src=\"https:\/\/alfonsosilvan.es\/wp-content\/uploads\/2025\/10\/EL-LAMENTO-ASILVAN-300x375.jpg\" class=\"attachment-woocommerce_thumbnail size-woocommerce_thumbnail\" alt=\"EL LAMENTO\" srcset=\"https:\/\/alfonsosilvan.es\/wp-content\/uploads\/2025\/10\/EL-LAMENTO-ASILVAN-300x375.jpg 300w, https:\/\/alfonsosilvan.es\/wp-content\/uploads\/2025\/10\/EL-LAMENTO-ASILVAN-10x12.jpg 10w\" sizes=\"auto, (max-width: 300px) 100vw, 300px\" \/><\/div>\n\t\t\t\t\t<div class=\"wc-block-grid__product-title\">EL LAMENTO<\/div>\n\t\t\t\t<\/a>\n\t\t\t\t<div class=\"wc-block-grid__product-price price\"><span class=\"woocommerce-Price-amount amount\">5.800,00&nbsp;<span class=\"woocommerce-Price-currencySymbol\">&euro;<\/span><\/span><\/div>\n\t\t\t\t\n\t\t\t\t<div class=\"wp-block-button wc-block-grid__product-add-to-cart\"><a href=\"\/en\/wp-json\/wp\/v2\/pages\/2090?add-to-cart=2298\" aria-label=\"Add to cart: &ldquo;EL LAMENTO&rdquo;\" data-quantity=\"1\" data-product_id=\"2298\" data-product_sku=\"\" data-price=\"5800\" rel=\"nofollow\" class=\"wp-block-button__link  add_to_cart_button ajax_add_to_cart\">Add to cart<\/a><\/div>\n\t\t\t<\/li><li class=\"wc-block-grid__product\">\n\t\t\t\t<a href=\"https:\/\/alfonsosilvan.es\/en\/obra\/padre-perdonalos\/\" class=\"wc-block-grid__product-link\">\n\t\t\t\t\t\n\t\t\t\t\t<div class=\"wc-block-grid__product-image\"><img loading=\"lazy\" decoding=\"async\" width=\"300\" height=\"375\" src=\"https:\/\/alfonsosilvan.es\/wp-content\/uploads\/2025\/05\/PERDONALOS-ASILVAN-300x375.jpg\" class=\"attachment-woocommerce_thumbnail size-woocommerce_thumbnail\" alt=\"PADRE, PERD\u00d3NALOS\" srcset=\"https:\/\/alfonsosilvan.es\/wp-content\/uploads\/2025\/05\/PERDONALOS-ASILVAN-300x375.jpg 300w, https:\/\/alfonsosilvan.es\/wp-content\/uploads\/2025\/05\/PERDONALOS-ASILVAN-10x12.jpg 10w\" sizes=\"auto, (max-width: 300px) 100vw, 300px\" \/><\/div>\n\t\t\t\t\t<div class=\"wc-block-grid__product-title\">PADRE, PERD\u00d3NALOS<\/div>\n\t\t\t\t<\/a>\n\t\t\t\t<div class=\"wc-block-grid__product-price price\"><span class=\"woocommerce-Price-amount amount\">5.500,00&nbsp;<span class=\"woocommerce-Price-currencySymbol\">&euro;<\/span><\/span><\/div>\n\t\t\t\t\n\t\t\t\t<div class=\"wp-block-button wc-block-grid__product-add-to-cart\"><a href=\"\/en\/wp-json\/wp\/v2\/pages\/2090?add-to-cart=1654\" aria-label=\"Add to cart: &ldquo;PADRE, PERD\u00d3NALOS&rdquo;\" data-quantity=\"1\" data-product_id=\"1654\" data-product_sku=\"\" data-price=\"5500\" rel=\"nofollow\" class=\"wp-block-button__link  add_to_cart_button ajax_add_to_cart\">Add to cart<\/a><\/div>\n\t\t\t<\/li><\/ul><\/div>\n\n\n<p class=\"has-text-align-center has-normal-font-size\"><a href=\"https:\/\/alfonsosilvan.es\/obra-original\/\" data-type=\"link\" data-id=\"https:\/\/alfonsosilvan.es\/obra-original\/\">Volver a Obra Original<\/a><\/p>\n\n\n\n<hr class=\"wp-block-separator has-alpha-channel-opacity\"\/>\n\n\n\n<p class=\"has-text-align-center\"><strong>CUADROS POR ENCARGO<\/strong><br>Cu\u00e9ntame qu\u00e9 tienes en mente y hagamos esa obra de arte que tanto deseas.<br><a style=\"text-decoration:none\" href=\"https:\/\/alfonsosilvan.es\/contacto\/\" data-type=\"page\" data-id=\"7\">Cont\u00e1ctame<\/a><\/p>\n","protected":false},"excerpt":{"rendered":"<p>Obra Original Religiosas \u00b7 Leyendas \u00b7 Iconos \u00b7 Animales \u00b7 Puro en Rojo \u00b7 \u00c1frica \u00b7 Otros \u00b7 Encargos A.Silv\u00e1n es un artista que siempre se ha guiado por su<\/p>\n<p class=\"more-link\"><a href=\"https:\/\/alfonsosilvan.es\/en\/obra-original\/religiosas\/\" class=\"readmore\">Continue reading<svg class=\"icon icon-arrow-right\" aria-hidden=\"true\" role=\"img\"> <use href=\"#icon-arrow-right\" xlink:href=\"#icon-arrow-right\"><\/use> <\/svg><span class=\"screen-reader-text\">Obra Original &#8211; Religiosas<\/span><\/a><\/p>","protected":false},"author":1,"featured_media":0,"parent":778,"menu_order":0,"comment_status":"closed","ping_status":"closed","template":"","meta":{"footnotes":""},"class_list":["post-2090","page","type-page","status-publish","hentry"],"_links":{"self":[{"href":"https:\/\/alfonsosilvan.es\/en\/wp-json\/wp\/v2\/pages\/2090","targetHints":{"allow":["GET"]}}],"collection":[{"href":"https:\/\/alfonsosilvan.es\/en\/wp-json\/wp\/v2\/pages"}],"about":[{"href":"https:\/\/alfonsosilvan.es\/en\/wp-json\/wp\/v2\/types\/page"}],"author":[{"embeddable":true,"href":"https:\/\/alfonsosilvan.es\/en\/wp-json\/wp\/v2\/users\/1"}],"replies":[{"embeddable":true,"href":"https:\/\/alfonsosilvan.es\/en\/wp-json\/wp\/v2\/comments?post=2090"}],"version-history":[{"count":1,"href":"https:\/\/alfonsosilvan.es\/en\/wp-json\/wp\/v2\/pages\/2090\/revisions"}],"predecessor-version":[{"id":2091,"href":"https:\/\/alfonsosilvan.es\/en\/wp-json\/wp\/v2\/pages\/2090\/revisions\/2091"}],"up":[{"embeddable":true,"href":"https:\/\/alfonsosilvan.es\/en\/wp-json\/wp\/v2\/pages\/778"}],"wp:attachment":[{"href":"https:\/\/alfonsosilvan.es\/en\/wp-json\/wp\/v2\/media?parent=2090"}],"curies":[{"name":"wp","href":"https:\/\/api.w.org\/{rel}","templated":true}]}}