{"id":2107,"date":"2025-09-02T15:11:04","date_gmt":"2025-09-02T15:11:04","guid":{"rendered":"https:\/\/alfonsosilvan.es\/?page_id=2107"},"modified":"2025-09-02T15:13:15","modified_gmt":"2025-09-02T15:13:15","slug":"religiosas","status":"publish","type":"page","link":"https:\/\/alfonsosilvan.es\/en\/obra-laminas\/religiosas\/","title":{"rendered":"L\u00e1minas &#8211; Religiosas"},"content":{"rendered":"\n<p class=\"has-text-align-center has-large-font-size\"><strong><a style=\"text-decoration:none\" href=\"https:\/\/alfonsosilvan.es\/obra-laminas\/\" data-type=\"page\" data-id=\"778\">L\u00e1minas<\/a><\/strong><\/p>\n\n\n\n<p class=\"has-text-align-center\"><a href=\"https:\/\/alfonsosilvan.es\/obra-laminas\/religiosas\/\" data-type=\"page\" data-id=\"1319\"><strong>Religiosas<\/strong><\/a> \u00b7 <a style=\"text-decoration:none\" href=\"https:\/\/alfonsosilvan.es\/obra-laminas\/leyendas\/\" data-type=\"page\" data-id=\"1313\">Leyendas<\/a> \u00b7 <a style=\"text-decoration:none\" href=\"https:\/\/alfonsosilvan.es\/obra-laminas\/iconos\/\" data-type=\"page\" data-id=\"1317\">Iconos<\/a> \u00b7 <a style=\"text-decoration:none\" href=\"https:\/\/alfonsosilvan.es\/obra-laminas\/animales\/\" data-type=\"page\" data-id=\"1319\">Animales<\/a> \u00b7 <a style=\"text-decoration:none\" href=\"https:\/\/alfonsosilvan.es\/obra-laminas\/puro-en-rojo\/\" data-type=\"page\" data-id=\"1310\">Puro en Rojo<\/a><\/p>\n\n\n\n<hr class=\"wp-block-separator has-text-color has-white-color has-alpha-channel-opacity has-white-background-color has-background is-style-wide\"\/>\n\n\n\n<p class=\"has-text-align-center has-normal-font-size\">P\u00f3sters First Look de obras de \u00e1mbito religioso y arte sacro<\/p>\n\n\n\n<hr class=\"wp-block-separator has-alpha-channel-opacity\"\/>\n\n\n<div data-block-name=\"woocommerce\/product-category\" data-categories=\"[59]\" data-columns=\"4\" data-orderby=\"menu_order\" data-rows=\"6\" data-stock-status=\"[&quot;&quot;,&quot;instock&quot;,&quot;outofstock&quot;,&quot;onbackorder&quot;]\" class=\"wc-block-grid wp-block-product-category wp-block-woocommerce-product-category wc-block-product-category has-4-columns has-multiple-rows\"><ul class=\"wc-block-grid__products\"><li class=\"wc-block-grid__product\">\n\t\t\t\t<a href=\"https:\/\/alfonsosilvan.es\/en\/obra\/padre-perdonalos-first-look\/\" class=\"wc-block-grid__product-link\">\n\t\t\t\t\t\n\t\t\t\t\t<div class=\"wc-block-grid__product-image\"><img loading=\"lazy\" decoding=\"async\" width=\"300\" height=\"375\" src=\"https:\/\/alfonsosilvan.es\/wp-content\/uploads\/2025\/05\/POSTER-PERDONALOS-FL-ASILVAN-300x375.jpg\" class=\"attachment-woocommerce_thumbnail size-woocommerce_thumbnail\" alt=\"PADRE, PERD\u00d3NALOS - FIRST LOOK\" srcset=\"https:\/\/alfonsosilvan.es\/wp-content\/uploads\/2025\/05\/POSTER-PERDONALOS-FL-ASILVAN-300x375.jpg 300w, https:\/\/alfonsosilvan.es\/wp-content\/uploads\/2025\/05\/POSTER-PERDONALOS-FL-ASILVAN-240x300.jpg 240w, https:\/\/alfonsosilvan.es\/wp-content\/uploads\/2025\/05\/POSTER-PERDONALOS-FL-ASILVAN-819x1024.jpg 819w, https:\/\/alfonsosilvan.es\/wp-content\/uploads\/2025\/05\/POSTER-PERDONALOS-FL-ASILVAN-768x960.jpg 768w, https:\/\/alfonsosilvan.es\/wp-content\/uploads\/2025\/05\/POSTER-PERDONALOS-FL-ASILVAN-1229x1536.jpg 1229w, https:\/\/alfonsosilvan.es\/wp-content\/uploads\/2025\/05\/POSTER-PERDONALOS-FL-ASILVAN-1638x2048.jpg 1638w, https:\/\/alfonsosilvan.es\/wp-content\/uploads\/2025\/05\/POSTER-PERDONALOS-FL-ASILVAN-10x12.jpg 10w, https:\/\/alfonsosilvan.es\/wp-content\/uploads\/2025\/05\/POSTER-PERDONALOS-FL-ASILVAN-600x750.jpg 600w, https:\/\/alfonsosilvan.es\/wp-content\/uploads\/2025\/05\/POSTER-PERDONALOS-FL-ASILVAN-scaled.jpg 2048w\" sizes=\"auto, (max-width: 300px) 100vw, 300px\" \/><\/div>\n\t\t\t\t\t<div class=\"wc-block-grid__product-title\">PADRE, PERD\u00d3NALOS &#8211; FIRST LOOK<\/div>\n\t\t\t\t<\/a>\n\t\t\t\t<div class=\"wc-block-grid__product-price price\"><span class=\"woocommerce-Price-amount amount\" aria-hidden=\"true\">25,00&nbsp;<span class=\"woocommerce-Price-currencySymbol\">&euro;<\/span><\/span> <span aria-hidden=\"true\">&ndash;<\/span> <span class=\"woocommerce-Price-amount amount\" aria-hidden=\"true\">70,00&nbsp;<span class=\"woocommerce-Price-currencySymbol\">&euro;<\/span><\/span><span class=\"screen-reader-text\">Price range: 25,00&nbsp;&euro; through 70,00&nbsp;&euro;<\/span><\/div>\n\t\t\t\t\n\t\t\t\t<div class=\"wp-block-button wc-block-grid__product-add-to-cart\"><a href=\"https:\/\/alfonsosilvan.es\/en\/obra\/padre-perdonalos-first-look\/\" aria-label=\"Select options for &ldquo;PADRE, PERD\u00d3NALOS - FIRST LOOK&rdquo;\" data-quantity=\"1\" data-product_id=\"1624\" data-product_sku=\"\" data-price=\"25\" rel=\"nofollow\" class=\"wp-block-button__link  add_to_cart_button\">Select options<\/a><\/div>\n\t\t\t<\/li><\/ul><\/div>\n\n\n<p class=\"has-text-align-center has-normal-font-size\"><a href=\"https:\/\/alfonsosilvan.es\/obra-laminas\/\" data-type=\"page\" data-id=\"800\">Volver a L\u00e1minas<\/a><\/p>\n\n\n\n<hr class=\"wp-block-separator has-alpha-channel-opacity\"\/>\n\n\n\n<p class=\"has-text-align-center\"><strong>CUADROS POR ENCARGO<\/strong><br>Cu\u00e9ntame qu\u00e9 tienes en mente y hagamos esa obra de arte que tanto deseas.<br><a style=\"text-decoration:none\" href=\"https:\/\/alfonsosilvan.es\/contacto\/\" data-type=\"page\" data-id=\"7\">Cont\u00e1ctame<\/a><\/p>\n","protected":false},"excerpt":{"rendered":"<p>L\u00e1minas Religiosas \u00b7 Leyendas \u00b7 Iconos \u00b7 Animales \u00b7 Puro en Rojo P\u00f3sters First Look de obras de \u00e1mbito religioso y arte sacro Volver a L\u00e1minas CUADROS POR ENCARGOCu\u00e9ntame qu\u00e9<\/p>\n<p class=\"more-link\"><a href=\"https:\/\/alfonsosilvan.es\/en\/obra-laminas\/religiosas\/\" class=\"readmore\">Continue reading<svg class=\"icon icon-arrow-right\" aria-hidden=\"true\" role=\"img\"> <use href=\"#icon-arrow-right\" xlink:href=\"#icon-arrow-right\"><\/use> <\/svg><span class=\"screen-reader-text\">L\u00e1minas &#8211; Religiosas<\/span><\/a><\/p>","protected":false},"author":1,"featured_media":0,"parent":800,"menu_order":0,"comment_status":"closed","ping_status":"closed","template":"","meta":{"footnotes":""},"class_list":["post-2107","page","type-page","status-publish","hentry"],"_links":{"self":[{"href":"https:\/\/alfonsosilvan.es\/en\/wp-json\/wp\/v2\/pages\/2107","targetHints":{"allow":["GET"]}}],"collection":[{"href":"https:\/\/alfonsosilvan.es\/en\/wp-json\/wp\/v2\/pages"}],"about":[{"href":"https:\/\/alfonsosilvan.es\/en\/wp-json\/wp\/v2\/types\/page"}],"author":[{"embeddable":true,"href":"https:\/\/alfonsosilvan.es\/en\/wp-json\/wp\/v2\/users\/1"}],"replies":[{"embeddable":true,"href":"https:\/\/alfonsosilvan.es\/en\/wp-json\/wp\/v2\/comments?post=2107"}],"version-history":[{"count":2,"href":"https:\/\/alfonsosilvan.es\/en\/wp-json\/wp\/v2\/pages\/2107\/revisions"}],"predecessor-version":[{"id":2109,"href":"https:\/\/alfonsosilvan.es\/en\/wp-json\/wp\/v2\/pages\/2107\/revisions\/2109"}],"up":[{"embeddable":true,"href":"https:\/\/alfonsosilvan.es\/en\/wp-json\/wp\/v2\/pages\/800"}],"wp:attachment":[{"href":"https:\/\/alfonsosilvan.es\/en\/wp-json\/wp\/v2\/media?parent=2107"}],"curies":[{"name":"wp","href":"https:\/\/api.w.org\/{rel}","templated":true}]}}