{"id":810,"date":"2024-06-23T11:55:02","date_gmt":"2024-06-23T11:55:02","guid":{"rendered":"https:\/\/alfonsosilvan.es\/?page_id=810"},"modified":"2025-09-02T15:02:54","modified_gmt":"2025-09-02T15:02:54","slug":"leyendas","status":"publish","type":"page","link":"https:\/\/alfonsosilvan.es\/en\/obra-original\/leyendas\/","title":{"rendered":"Obra Original &#8211; Leyendas"},"content":{"rendered":"\n<p class=\"has-text-align-center has-large-font-size\"><strong><a style=\"text-decoration:none\" href=\"https:\/\/alfonsosilvan.es\/obra-original\/\" data-type=\"page\" data-id=\"778\">Obra Original<\/a><\/strong><\/p>\n\n\n\n<p class=\"has-text-align-center\"><a style=\"text-decoration:none\" href=\"https:\/\/alfonsosilvan.es\/obra-original\/religiosas\/\" data-type=\"page\" data-id=\"810\">Religiosas<\/a> \u00b7 <a href=\"https:\/\/alfonsosilvan.es\/obra-original\/leyendas\/\" data-type=\"page\" data-id=\"810\"><strong>Leyendas<\/strong><\/a> \u00b7 <a style=\"text-decoration:none\" href=\"https:\/\/alfonsosilvan.es\/obra-original\/iconos\/\" data-type=\"page\" data-id=\"807\">Iconos<\/a> \u00b7 <a style=\"text-decoration:none\" href=\"https:\/\/alfonsosilvan.es\/obra-original\/animales\/\" data-type=\"page\" data-id=\"814\">Animales<\/a> \u00b7 <a style=\"text-decoration:none\" href=\"https:\/\/alfonsosilvan.es\/obra-original\/puro-en-rojo\/\" data-type=\"page\" data-id=\"888\">Puro en Rojo<\/a> \u00b7 <a style=\"text-decoration:none\" href=\"https:\/\/alfonsosilvan.es\/obra-original\/africa\/\" data-type=\"page\" data-id=\"1086\">\u00c1frica<\/a> \u00b7 <a style=\"text-decoration:none\" href=\"https:\/\/alfonsosilvan.es\/obra-original\/otros\/\" data-type=\"page\" data-id=\"817\">Otros<\/a> \u00b7 <a style=\"text-decoration:none\" href=\"https:\/\/alfonsosilvan.es\/obra-original\/encargos\/\" data-type=\"page\" data-id=\"817\">Encargos<\/a><\/p>\n\n\n\n<hr class=\"wp-block-separator has-text-color has-white-color has-alpha-channel-opacity has-white-background-color has-background is-style-wide\"\/>\n\n\n\n<p class=\"has-text-align-left justificado has-normal-font-size\">La colecci\u00f3n m\u00e1s importante de A.Silv\u00e1n<br>En estas obras el artista haciendo gala de todo su talento, potencial y esfuerzo, nos deleita con una serie de retratos que homenajean a grandes figuras hist\u00f3ricas, personajes que, igual que Silv\u00e1n, un d\u00eda so\u00f1aron con ser recordados y lo consiguieron. Personas que m\u00e1s all\u00e1 de las fronteras y del tiempo, dejaron un legado que perdurar\u00e1 para siempre.<br>Estas obras tienen alma, transmiten como ninguna otra, podr\u00edas contemplar los cuadros durante horas y tienes la sensaci\u00f3n de estar frente a frente con la realidad, incluso de poder hablar con ellos. A veces el arte parece magia o un poder divino, pero la forma en que estas obras te emocionan, cautivan y erizan la piel es muy real. <br><\/p>\n\n\n\n<hr class=\"wp-block-separator has-alpha-channel-opacity\"\/>\n\n\n<div data-block-name=\"woocommerce\/product-category\" data-categories=\"[30]\" data-columns=\"4\" data-orderby=\"menu_order\" data-rows=\"5\" class=\"wc-block-grid wp-block-product-category wp-block-woocommerce-product-category wc-block-product-category has-4-columns has-multiple-rows\"><ul class=\"wc-block-grid__products\"><li class=\"wc-block-grid__product\">\n\t\t\t\t<a href=\"https:\/\/alfonsosilvan.es\/en\/obra\/manny-pacquiao\/\" class=\"wc-block-grid__product-link\">\n\t\t\t\t\t\n\t\t\t\t\t<div class=\"wc-block-grid__product-image\"><img loading=\"lazy\" decoding=\"async\" width=\"300\" height=\"375\" src=\"https:\/\/alfonsosilvan.es\/wp-content\/uploads\/2026\/02\/PACQUIAO-ASILVAN-300x375.jpg\" class=\"attachment-woocommerce_thumbnail size-woocommerce_thumbnail\" alt=\"MANNY PACQUIAO\" srcset=\"https:\/\/alfonsosilvan.es\/wp-content\/uploads\/2026\/02\/PACQUIAO-ASILVAN-300x375.jpg 300w, https:\/\/alfonsosilvan.es\/wp-content\/uploads\/2026\/02\/PACQUIAO-ASILVAN-10x12.jpg 10w\" sizes=\"auto, (max-width: 300px) 100vw, 300px\" \/><\/div>\n\t\t\t\t\t<div class=\"wc-block-grid__product-title\">MANNY PACQUIAO<\/div>\n\t\t\t\t<\/a>\n\t\t\t\t<div class=\"wc-block-grid__product-price price\"><span class=\"woocommerce-Price-amount amount\">5.500,00&nbsp;<span class=\"woocommerce-Price-currencySymbol\">&euro;<\/span><\/span><\/div>\n\t\t\t\t\n\t\t\t\t<div class=\"wp-block-button wc-block-grid__product-add-to-cart\"><a href=\"\/en\/wp-json\/wp\/v2\/pages\/810?add-to-cart=2479\" aria-label=\"Add to cart: &ldquo;MANNY PACQUIAO&rdquo;\" data-quantity=\"1\" data-product_id=\"2479\" data-product_sku=\"\" data-price=\"5500\" rel=\"nofollow\" class=\"wp-block-button__link  add_to_cart_button ajax_add_to_cart\">Add to cart<\/a><\/div>\n\t\t\t<\/li><li class=\"wc-block-grid__product\">\n\t\t\t\t<a href=\"https:\/\/alfonsosilvan.es\/en\/obra\/camaron\/\" class=\"wc-block-grid__product-link\">\n\t\t\t\t\t\n\t\t\t\t\t<div class=\"wc-block-grid__product-image\"><img loading=\"lazy\" decoding=\"async\" width=\"300\" height=\"375\" src=\"https:\/\/alfonsosilvan.es\/wp-content\/uploads\/2025\/05\/CAMARON-ASILVAN-300x375.jpg\" class=\"attachment-woocommerce_thumbnail size-woocommerce_thumbnail\" alt=\"CAMAR\u00d3N\" srcset=\"https:\/\/alfonsosilvan.es\/wp-content\/uploads\/2025\/05\/CAMARON-ASILVAN-300x375.jpg 300w, https:\/\/alfonsosilvan.es\/wp-content\/uploads\/2025\/05\/CAMARON-ASILVAN-10x12.jpg 10w\" sizes=\"auto, (max-width: 300px) 100vw, 300px\" \/><\/div>\n\t\t\t\t\t<div class=\"wc-block-grid__product-title\">CAMAR\u00d3N<\/div>\n\t\t\t\t<\/a>\n\t\t\t\t<div class=\"wc-block-grid__product-price price\"><span class=\"woocommerce-Price-amount amount\">5.500,00&nbsp;<span class=\"woocommerce-Price-currencySymbol\">&euro;<\/span><\/span><\/div>\n\t\t\t\t\n\t\t\t\t<div class=\"wp-block-button wc-block-grid__product-add-to-cart\"><a href=\"\/en\/wp-json\/wp\/v2\/pages\/810?add-to-cart=1641\" aria-label=\"Add to cart: &ldquo;CAMAR\u00d3N&rdquo;\" data-quantity=\"1\" data-product_id=\"1641\" data-product_sku=\"\" data-price=\"5500\" rel=\"nofollow\" class=\"wp-block-button__link  add_to_cart_button ajax_add_to_cart\">Add to cart<\/a><\/div>\n\t\t\t<\/li><li class=\"wc-block-grid__product\">\n\t\t\t\t<a href=\"https:\/\/alfonsosilvan.es\/en\/obra\/kobe\/\" class=\"wc-block-grid__product-link\">\n\t\t\t\t\t\n\t\t\t\t\t<div class=\"wc-block-grid__product-image\"><img loading=\"lazy\" decoding=\"async\" width=\"300\" height=\"375\" src=\"https:\/\/alfonsosilvan.es\/wp-content\/uploads\/2025\/05\/KOBE-ASILVAN-300x375.jpg\" class=\"attachment-woocommerce_thumbnail size-woocommerce_thumbnail\" alt=\"KOBE\" srcset=\"https:\/\/alfonsosilvan.es\/wp-content\/uploads\/2025\/05\/KOBE-ASILVAN-300x375.jpg 300w, https:\/\/alfonsosilvan.es\/wp-content\/uploads\/2025\/05\/KOBE-ASILVAN-10x12.jpg 10w\" sizes=\"auto, (max-width: 300px) 100vw, 300px\" \/><\/div>\n\t\t\t\t\t<div class=\"wc-block-grid__product-title\">KOBE<\/div>\n\t\t\t\t<\/a>\n\t\t\t\t<div class=\"wc-block-grid__product-price price\"><span class=\"woocommerce-Price-amount amount\">5.500,00&nbsp;<span class=\"woocommerce-Price-currencySymbol\">&euro;<\/span><\/span><\/div>\n\t\t\t\t\n\t\t\t\t<div class=\"wp-block-button wc-block-grid__product-add-to-cart\"><a href=\"\/en\/wp-json\/wp\/v2\/pages\/810?add-to-cart=1592\" aria-label=\"Add to cart: &ldquo;KOBE&rdquo;\" data-quantity=\"1\" data-product_id=\"1592\" data-product_sku=\"\" data-price=\"5500\" rel=\"nofollow\" class=\"wp-block-button__link  add_to_cart_button ajax_add_to_cart\">Add to cart<\/a><\/div>\n\t\t\t<\/li><li class=\"wc-block-grid__product\">\n\t\t\t\t<a href=\"https:\/\/alfonsosilvan.es\/en\/obra\/nadal\/\" class=\"wc-block-grid__product-link\">\n\t\t\t\t\t\n\t\t\t\t\t<div class=\"wc-block-grid__product-image\"><div class=\"asnp-sale-badge-image-wrapper\" style=\"display:block; position:relative;\"><img loading=\"lazy\" decoding=\"async\" width=\"300\" height=\"375\" src=\"https:\/\/alfonsosilvan.es\/wp-content\/uploads\/2025\/03\/NADAL-ASILVAN-300x375.jpg\" class=\"attachment-woocommerce_thumbnail size-woocommerce_thumbnail\" alt=\"NADAL\" srcset=\"https:\/\/alfonsosilvan.es\/wp-content\/uploads\/2025\/03\/NADAL-ASILVAN-300x375.jpg 300w, https:\/\/alfonsosilvan.es\/wp-content\/uploads\/2025\/03\/NADAL-ASILVAN-10x12.jpg 10w\" sizes=\"auto, (max-width: 300px) 100vw, 300px\" \/><div class=\"asnp-esb-badge-element asnp-esb-productBadge asnp-esb-productBadge-2 asnp-esb-css-label-on-image\"><div class=\"asnp-esb-badge-2\"><span class=\"asnp-esb-inner-span2-2\"><\/span><div class=\"asnp-esb-inner-span1-2\"><div class=\"asnp-esb-inner-span4-2\">VENDIDO<\/div><\/div><\/div><\/div><\/div><\/div>\n\t\t\t\t\t<div class=\"wc-block-grid__product-title\">NADAL<\/div>\n\t\t\t\t<\/a>\n\t\t\t\t<div class=\"wc-block-grid__product-price price\"><span class=\"woocommerce-Price-amount amount\">5.500,00&nbsp;<span class=\"woocommerce-Price-currencySymbol\">&euro;<\/span><\/span><\/div>\n\t\t\t\t\n\t\t\t\t<div class=\"wp-block-button wc-block-grid__product-add-to-cart\"><a href=\"https:\/\/alfonsosilvan.es\/en\/obra\/nadal\/\" aria-label=\"Read more about &ldquo;NADAL&rdquo;\" data-quantity=\"1\" data-product_id=\"1558\" data-product_sku=\"\" data-price=\"5500\" rel=\"nofollow\" class=\"wp-block-button__link  add_to_cart_button\">Read more<\/a><\/div>\n\t\t\t<\/li><li class=\"wc-block-grid__product\">\n\t\t\t\t<a href=\"https:\/\/alfonsosilvan.es\/en\/obra\/bigpoppa\/\" class=\"wc-block-grid__product-link\">\n\t\t\t\t\t\n\t\t\t\t\t<div class=\"wc-block-grid__product-image\"><img loading=\"lazy\" decoding=\"async\" width=\"300\" height=\"375\" src=\"https:\/\/alfonsosilvan.es\/wp-content\/uploads\/2025\/03\/BIG-POPPA-ASILVAN-300x375.jpg\" class=\"attachment-woocommerce_thumbnail size-woocommerce_thumbnail\" alt=\"BIG POPPA\" srcset=\"https:\/\/alfonsosilvan.es\/wp-content\/uploads\/2025\/03\/BIG-POPPA-ASILVAN-300x375.jpg 300w, https:\/\/alfonsosilvan.es\/wp-content\/uploads\/2025\/03\/BIG-POPPA-ASILVAN-10x12.jpg 10w\" sizes=\"auto, (max-width: 300px) 100vw, 300px\" \/><\/div>\n\t\t\t\t\t<div class=\"wc-block-grid__product-title\">BIG POPPA<\/div>\n\t\t\t\t<\/a>\n\t\t\t\t<div class=\"wc-block-grid__product-price price\"><span class=\"woocommerce-Price-amount amount\">5.500,00&nbsp;<span class=\"woocommerce-Price-currencySymbol\">&euro;<\/span><\/span><\/div>\n\t\t\t\t\n\t\t\t\t<div class=\"wp-block-button wc-block-grid__product-add-to-cart\"><a href=\"\/en\/wp-json\/wp\/v2\/pages\/810?add-to-cart=1525\" aria-label=\"Add to cart: &ldquo;BIG POPPA&rdquo;\" data-quantity=\"1\" data-product_id=\"1525\" data-product_sku=\"\" data-price=\"5500\" rel=\"nofollow\" class=\"wp-block-button__link  add_to_cart_button ajax_add_to_cart\">Add to cart<\/a><\/div>\n\t\t\t<\/li><li class=\"wc-block-grid__product\">\n\t\t\t\t<a href=\"https:\/\/alfonsosilvan.es\/en\/obra\/2pac\/\" class=\"wc-block-grid__product-link\">\n\t\t\t\t\t\n\t\t\t\t\t<div class=\"wc-block-grid__product-image\"><img loading=\"lazy\" decoding=\"async\" width=\"300\" height=\"375\" src=\"https:\/\/alfonsosilvan.es\/wp-content\/uploads\/2024\/05\/TUPAC-ASILVAN-300x375.jpg\" class=\"attachment-woocommerce_thumbnail size-woocommerce_thumbnail\" alt=\"2PAC\" \/><\/div>\n\t\t\t\t\t<div class=\"wc-block-grid__product-title\">2PAC<\/div>\n\t\t\t\t<\/a>\n\t\t\t\t<div class=\"wc-block-grid__product-price price\"><span class=\"woocommerce-Price-amount amount\">5.500,00&nbsp;<span class=\"woocommerce-Price-currencySymbol\">&euro;<\/span><\/span><\/div>\n\t\t\t\t\n\t\t\t\t<div class=\"wp-block-button wc-block-grid__product-add-to-cart\"><a href=\"\/en\/wp-json\/wp\/v2\/pages\/810?add-to-cart=668\" aria-label=\"Add to cart: &ldquo;2PAC&rdquo;\" data-quantity=\"1\" data-product_id=\"668\" data-product_sku=\"\" data-price=\"5500\" rel=\"nofollow\" class=\"wp-block-button__link  add_to_cart_button ajax_add_to_cart\">Add to cart<\/a><\/div>\n\t\t\t<\/li><\/ul><\/div>\n\n\n<p class=\"has-text-align-center has-normal-font-size\"><a href=\"https:\/\/alfonsosilvan.es\/obra-original\/\" data-type=\"page\" data-id=\"778\">Volver a Obra Original<\/a><\/p>\n\n\n\n<hr class=\"wp-block-separator has-alpha-channel-opacity\"\/>\n\n\n\n<p class=\"has-text-align-center\"><strong>CUADROS POR ENCARGO<\/strong><br>Cu\u00e9ntame qu\u00e9 tienes en mente y hagamos esa obra de arte que tanto deseas.<br><a style=\"text-decoration:none\" href=\"https:\/\/alfonsosilvan.es\/contacto\/\" data-type=\"page\" data-id=\"7\">Cont\u00e1ctame<\/a><\/p>\n","protected":false},"excerpt":{"rendered":"<p>Obra Original Religiosas \u00b7 Leyendas \u00b7 Iconos \u00b7 Animales \u00b7 Puro en Rojo \u00b7 \u00c1frica \u00b7 Otros \u00b7 Encargos La colecci\u00f3n m\u00e1s importante de A.Silv\u00e1nEn estas obras el artista haciendo<\/p>\n<p class=\"more-link\"><a href=\"https:\/\/alfonsosilvan.es\/en\/obra-original\/leyendas\/\" class=\"readmore\">Continue reading<svg class=\"icon icon-arrow-right\" aria-hidden=\"true\" role=\"img\"> <use href=\"#icon-arrow-right\" xlink:href=\"#icon-arrow-right\"><\/use> <\/svg><span class=\"screen-reader-text\">Obra Original &#8211; Leyendas<\/span><\/a><\/p>","protected":false},"author":1,"featured_media":0,"parent":778,"menu_order":0,"comment_status":"closed","ping_status":"closed","template":"","meta":{"footnotes":""},"class_list":["post-810","page","type-page","status-publish","hentry"],"_links":{"self":[{"href":"https:\/\/alfonsosilvan.es\/en\/wp-json\/wp\/v2\/pages\/810","targetHints":{"allow":["GET"]}}],"collection":[{"href":"https:\/\/alfonsosilvan.es\/en\/wp-json\/wp\/v2\/pages"}],"about":[{"href":"https:\/\/alfonsosilvan.es\/en\/wp-json\/wp\/v2\/types\/page"}],"author":[{"embeddable":true,"href":"https:\/\/alfonsosilvan.es\/en\/wp-json\/wp\/v2\/users\/1"}],"replies":[{"embeddable":true,"href":"https:\/\/alfonsosilvan.es\/en\/wp-json\/wp\/v2\/comments?post=810"}],"version-history":[{"count":21,"href":"https:\/\/alfonsosilvan.es\/en\/wp-json\/wp\/v2\/pages\/810\/revisions"}],"predecessor-version":[{"id":2099,"href":"https:\/\/alfonsosilvan.es\/en\/wp-json\/wp\/v2\/pages\/810\/revisions\/2099"}],"up":[{"embeddable":true,"href":"https:\/\/alfonsosilvan.es\/en\/wp-json\/wp\/v2\/pages\/778"}],"wp:attachment":[{"href":"https:\/\/alfonsosilvan.es\/en\/wp-json\/wp\/v2\/media?parent=810"}],"curies":[{"name":"wp","href":"https:\/\/api.w.org\/{rel}","templated":true}]}}