{"id":814,"date":"2024-06-23T11:58:37","date_gmt":"2024-06-23T11:58:37","guid":{"rendered":"https:\/\/alfonsosilvan.es\/?page_id=814"},"modified":"2025-09-02T15:01:25","modified_gmt":"2025-09-02T15:01:25","slug":"animales","status":"publish","type":"page","link":"https:\/\/alfonsosilvan.es\/en\/obra-original\/animales\/","title":{"rendered":"Obra Original &#8211; Animales"},"content":{"rendered":"\n<p class=\"has-text-align-center has-large-font-size\"><strong><a style=\"text-decoration:none\" href=\"https:\/\/alfonsosilvan.es\/obra-original\/\" data-type=\"page\" data-id=\"778\">Obra Original<\/a><\/strong><\/p>\n\n\n\n<p class=\"has-text-align-center\"><a style=\"text-decoration:none\" href=\"https:\/\/alfonsosilvan.es\/obra-original\/religiosas\/\" data-type=\"page\" data-id=\"810\">Religiosas<\/a> \u00b7 <a style=\"text-decoration:none\" href=\"https:\/\/alfonsosilvan.es\/obra-original\/leyendas\/\" data-type=\"page\" data-id=\"810\">Leyendas<\/a> \u00b7 <a style=\"text-decoration:none\" href=\"https:\/\/alfonsosilvan.es\/obra-original\/iconos\/\" data-type=\"page\" data-id=\"807\">Iconos<\/a> \u00b7 <a href=\"https:\/\/alfonsosilvan.es\/obra-original\/animales\/\" data-type=\"page\" data-id=\"814\"><strong>Animales<\/strong><\/a> \u00b7 <a style=\"text-decoration:none\" href=\"https:\/\/alfonsosilvan.es\/obra-original\/puro-en-rojo\/\" data-type=\"page\" data-id=\"888\">Puro en Rojo<\/a> \u00b7 <a style=\"text-decoration:none\" href=\"https:\/\/alfonsosilvan.es\/obra-original\/africa\/\" data-type=\"page\" data-id=\"1086\">\u00c1frica<\/a> \u00b7 <a style=\"text-decoration:none\" href=\"https:\/\/alfonsosilvan.es\/obra-original\/otros\/\" data-type=\"page\" data-id=\"817\">Otros<\/a> \u00b7 <a style=\"text-decoration:none\" href=\"https:\/\/alfonsosilvan.es\/obra-original\/encargos\/\" data-type=\"page\" data-id=\"817\">Encargos<\/a><\/p>\n\n\n\n<hr class=\"wp-block-separator has-text-color has-white-color has-alpha-channel-opacity has-white-background-color has-background is-style-wide\"\/>\n\n\n\n<p class=\"has-text-align-left justificado has-normal-font-size\">Alfonso Silv\u00e1n siempre ha sido un gran apasionado y amante de los animales. Es por eso que le encanta pintarlos, as\u00ed que esta colecci\u00f3n tan inspiradora va entera dedicada a aquellos que, como \u00e9l, os encanta disfrutar de la naturaleza y sus incre\u00edbles criaturas.<br>Silv\u00e1n nos deja una colecci\u00f3n cargada de pureza, pasi\u00f3n y belleza. Con su estilo tan caracter\u00edstico da vida a todo tipo de animales, con una elegancia y calidad que solo \u00e9l es capaz.<\/p>\n\n\n\n<hr class=\"wp-block-separator has-alpha-channel-opacity\"\/>\n\n\n<div data-block-name=\"woocommerce\/product-category\" data-categories=\"[29]\" data-columns=\"4\" data-orderby=\"menu_order\" data-rows=\"5\" data-stock-status=\"[&quot;&quot;,&quot;instock&quot;,&quot;outofstock&quot;,&quot;onbackorder&quot;]\" class=\"wc-block-grid wp-block-product-category wp-block-woocommerce-product-category wc-block-product-category has-4-columns has-multiple-rows\"><ul class=\"wc-block-grid__products\"><li class=\"wc-block-grid__product\">\n\t\t\t\t<a href=\"https:\/\/alfonsosilvan.es\/en\/obra\/mistico-y-elegante\/\" class=\"wc-block-grid__product-link\">\n\t\t\t\t\t\n\t\t\t\t\t<div class=\"wc-block-grid__product-image\"><img loading=\"lazy\" decoding=\"async\" width=\"300\" height=\"375\" src=\"https:\/\/alfonsosilvan.es\/wp-content\/uploads\/2024\/06\/MISTICO-Y-ELEGANTE-ASILVAN-300x375.jpg\" class=\"attachment-woocommerce_thumbnail size-woocommerce_thumbnail\" alt=\"M\u00edstico y Elegante\" srcset=\"https:\/\/alfonsosilvan.es\/wp-content\/uploads\/2024\/06\/MISTICO-Y-ELEGANTE-ASILVAN-300x375.jpg 300w, https:\/\/alfonsosilvan.es\/wp-content\/uploads\/2024\/06\/MISTICO-Y-ELEGANTE-ASILVAN-239x300.jpg 239w, https:\/\/alfonsosilvan.es\/wp-content\/uploads\/2024\/06\/MISTICO-Y-ELEGANTE-ASILVAN-817x1024.jpg 817w, https:\/\/alfonsosilvan.es\/wp-content\/uploads\/2024\/06\/MISTICO-Y-ELEGANTE-ASILVAN-768x963.jpg 768w, https:\/\/alfonsosilvan.es\/wp-content\/uploads\/2024\/06\/MISTICO-Y-ELEGANTE-ASILVAN-1225x1536.jpg 1225w, https:\/\/alfonsosilvan.es\/wp-content\/uploads\/2024\/06\/MISTICO-Y-ELEGANTE-ASILVAN-1634x2048.jpg 1634w, https:\/\/alfonsosilvan.es\/wp-content\/uploads\/2024\/06\/MISTICO-Y-ELEGANTE-ASILVAN-600x752.jpg 600w, https:\/\/alfonsosilvan.es\/wp-content\/uploads\/2024\/06\/MISTICO-Y-ELEGANTE-ASILVAN-scaled.jpg 2042w\" sizes=\"auto, (max-width: 300px) 100vw, 300px\" \/><\/div>\n\t\t\t\t\t<div class=\"wc-block-grid__product-title\">M\u00edstico y Elegante<\/div>\n\t\t\t\t<\/a>\n\t\t\t\t<div class=\"wc-block-grid__product-price price\"><span class=\"woocommerce-Price-amount amount\">2.200,00&nbsp;<span class=\"woocommerce-Price-currencySymbol\">&euro;<\/span><\/span><\/div>\n\t\t\t\t\n\t\t\t\t<div class=\"wp-block-button wc-block-grid__product-add-to-cart\"><a href=\"\/en\/wp-json\/wp\/v2\/pages\/814?add-to-cart=717\" aria-label=\"Add to cart: &ldquo;M\u00edstico y Elegante&rdquo;\" data-quantity=\"1\" data-product_id=\"717\" data-product_sku=\"\" data-price=\"2200\" rel=\"nofollow\" class=\"wp-block-button__link  add_to_cart_button ajax_add_to_cart\">Add to cart<\/a><\/div>\n\t\t\t<\/li><li class=\"wc-block-grid__product\">\n\t\t\t\t<a href=\"https:\/\/alfonsosilvan.es\/en\/obra\/pureza-sobre-negro\/\" class=\"wc-block-grid__product-link\">\n\t\t\t\t\t\n\t\t\t\t\t<div class=\"wc-block-grid__product-image\"><img loading=\"lazy\" decoding=\"async\" width=\"300\" height=\"375\" src=\"https:\/\/alfonsosilvan.es\/wp-content\/uploads\/2024\/05\/PUREZA-SOBRE-NEGRO-ASILVAN-300x375.jpg\" class=\"attachment-woocommerce_thumbnail size-woocommerce_thumbnail\" alt=\"Pureza Sobre Negro\" srcset=\"https:\/\/alfonsosilvan.es\/wp-content\/uploads\/2024\/05\/PUREZA-SOBRE-NEGRO-ASILVAN-300x375.jpg 300w, https:\/\/alfonsosilvan.es\/wp-content\/uploads\/2024\/05\/PUREZA-SOBRE-NEGRO-ASILVAN-241x300.jpg 241w, https:\/\/alfonsosilvan.es\/wp-content\/uploads\/2024\/05\/PUREZA-SOBRE-NEGRO-ASILVAN-822x1024.jpg 822w, https:\/\/alfonsosilvan.es\/wp-content\/uploads\/2024\/05\/PUREZA-SOBRE-NEGRO-ASILVAN-600x747.jpg 600w\" sizes=\"auto, (max-width: 300px) 100vw, 300px\" \/><\/div>\n\t\t\t\t\t<div class=\"wc-block-grid__product-title\">Pureza Sobre Negro<\/div>\n\t\t\t\t<\/a>\n\t\t\t\t<div class=\"wc-block-grid__product-price price\"><span class=\"woocommerce-Price-amount amount\">2.500,00&nbsp;<span class=\"woocommerce-Price-currencySymbol\">&euro;<\/span><\/span><\/div>\n\t\t\t\t\n\t\t\t\t<div class=\"wp-block-button wc-block-grid__product-add-to-cart\"><a href=\"\/en\/wp-json\/wp\/v2\/pages\/814?add-to-cart=659\" aria-label=\"Add to cart: &ldquo;Pureza Sobre Negro&rdquo;\" data-quantity=\"1\" data-product_id=\"659\" data-product_sku=\"\" data-price=\"2500\" rel=\"nofollow\" class=\"wp-block-button__link  add_to_cart_button ajax_add_to_cart\">Add to cart<\/a><\/div>\n\t\t\t<\/li><\/ul><\/div>\n\n\n<p class=\"has-text-align-center has-normal-font-size\"><a href=\"https:\/\/alfonsosilvan.es\/obra-original\/\" data-type=\"link\" data-id=\"https:\/\/alfonsosilvan.es\/obra-original\/\">Volver a Obra Original<\/a><\/p>\n\n\n\n<hr class=\"wp-block-separator has-alpha-channel-opacity\"\/>\n\n\n\n<p class=\"has-text-align-center\"><strong>CUADROS POR ENCARGO<\/strong><br>Cu\u00e9ntame qu\u00e9 tienes en mente y hagamos esa obra de arte que tanto deseas.<br><a style=\"text-decoration:none\" href=\"https:\/\/alfonsosilvan.es\/contacto\/\" data-type=\"page\" data-id=\"7\">Cont\u00e1ctame<\/a><\/p>\n","protected":false},"excerpt":{"rendered":"<p>Obra Original Religiosas \u00b7 Leyendas \u00b7 Iconos \u00b7 Animales \u00b7 Puro en Rojo \u00b7 \u00c1frica \u00b7 Otros \u00b7 Encargos Alfonso Silv\u00e1n siempre ha sido un gran apasionado y amante de<\/p>\n<p class=\"more-link\"><a href=\"https:\/\/alfonsosilvan.es\/en\/obra-original\/animales\/\" class=\"readmore\">Continue reading<svg class=\"icon icon-arrow-right\" aria-hidden=\"true\" role=\"img\"> <use href=\"#icon-arrow-right\" xlink:href=\"#icon-arrow-right\"><\/use> <\/svg><span class=\"screen-reader-text\">Obra Original &#8211; Animales<\/span><\/a><\/p>","protected":false},"author":1,"featured_media":0,"parent":778,"menu_order":0,"comment_status":"closed","ping_status":"closed","template":"","meta":{"footnotes":""},"class_list":["post-814","page","type-page","status-publish","hentry"],"_links":{"self":[{"href":"https:\/\/alfonsosilvan.es\/en\/wp-json\/wp\/v2\/pages\/814","targetHints":{"allow":["GET"]}}],"collection":[{"href":"https:\/\/alfonsosilvan.es\/en\/wp-json\/wp\/v2\/pages"}],"about":[{"href":"https:\/\/alfonsosilvan.es\/en\/wp-json\/wp\/v2\/types\/page"}],"author":[{"embeddable":true,"href":"https:\/\/alfonsosilvan.es\/en\/wp-json\/wp\/v2\/users\/1"}],"replies":[{"embeddable":true,"href":"https:\/\/alfonsosilvan.es\/en\/wp-json\/wp\/v2\/comments?post=814"}],"version-history":[{"count":25,"href":"https:\/\/alfonsosilvan.es\/en\/wp-json\/wp\/v2\/pages\/814\/revisions"}],"predecessor-version":[{"id":2096,"href":"https:\/\/alfonsosilvan.es\/en\/wp-json\/wp\/v2\/pages\/814\/revisions\/2096"}],"up":[{"embeddable":true,"href":"https:\/\/alfonsosilvan.es\/en\/wp-json\/wp\/v2\/pages\/778"}],"wp:attachment":[{"href":"https:\/\/alfonsosilvan.es\/en\/wp-json\/wp\/v2\/media?parent=814"}],"curies":[{"name":"wp","href":"https:\/\/api.w.org\/{rel}","templated":true}]}}