{"id":888,"date":"2024-07-08T22:33:10","date_gmt":"2024-07-08T22:33:10","guid":{"rendered":"https:\/\/alfonsosilvan.es\/?page_id=888"},"modified":"2025-09-02T15:03:55","modified_gmt":"2025-09-02T15:03:55","slug":"puro-en-rojo","status":"publish","type":"page","link":"https:\/\/alfonsosilvan.es\/en\/obra-original\/puro-en-rojo\/","title":{"rendered":"Obra Original &#8211; Puro en Rojo"},"content":{"rendered":"\n<p class=\"has-text-align-center has-large-font-size\"><strong><a style=\"text-decoration:none\" href=\"https:\/\/alfonsosilvan.es\/obra-original\/\" data-type=\"page\" data-id=\"778\">Obra Original<\/a><\/strong><\/p>\n\n\n\n<p class=\"has-text-align-center\"><a style=\"text-decoration:none\" href=\"https:\/\/alfonsosilvan.es\/obra-original\/religiosas\/\" data-type=\"page\" data-id=\"810\">Religiosas<\/a> \u00b7 <a style=\"text-decoration:none\" href=\"https:\/\/alfonsosilvan.es\/obra-original\/leyendas\/\" data-type=\"page\" data-id=\"810\">Leyendas<\/a> \u00b7 <a style=\"text-decoration:none\" href=\"https:\/\/alfonsosilvan.es\/obra-original\/iconos\/\" data-type=\"page\" data-id=\"807\">Iconos<\/a> \u00b7 <a style=\"text-decoration:none\" href=\"https:\/\/alfonsosilvan.es\/obra-original\/animales\/\" data-type=\"page\" data-id=\"814\">Animales<\/a> \u00b7 <a href=\"https:\/\/alfonsosilvan.es\/obra-original\/puro-en-rojo\/\" data-type=\"page\" data-id=\"888\"><strong>Puro en Rojo<\/strong><\/a> \u00b7 <a style=\"text-decoration:none\" href=\"https:\/\/alfonsosilvan.es\/obra-original\/africa\/\" data-type=\"page\" data-id=\"1086\">\u00c1frica<\/a> \u00b7 <a style=\"text-decoration:none\" href=\"https:\/\/alfonsosilvan.es\/obra-original\/otros\/\" data-type=\"page\" data-id=\"817\">Otros<\/a> \u00b7 <a style=\"text-decoration:none\" href=\"https:\/\/alfonsosilvan.es\/obra-original\/encargos\/\" data-type=\"page\" data-id=\"817\">Encargos<\/a><\/p>\n\n\n\n<hr class=\"wp-block-separator has-text-color has-white-color has-alpha-channel-opacity has-white-background-color has-background is-style-wide\"\/>\n\n\n\n<p class=\"has-text-align-left justificado has-normal-font-size\"><strong>PURO EN ROJO<\/strong>, UN VIAJE AL INTERIOR DE <strong>A.SILV\u00c1N<\/strong><br>Una colecci\u00f3n que habla de lo m\u00e1s profundo del artista: sus pensamientos, sentimientos, emociones, valores, personalidad\u2026<br>Un trabajo muy reflexivo y un viaje que nunca acaba, el de conocerse a uno mismo. Disfruta de cada obra, hablan de Silv\u00e1n y su forma de ver la vida, basada esencialmente en el amor, por eso es seguro que te sentir\u00e1s identificado con m\u00e1s de una de estas obras.<br>No solo son obras, sino tambi\u00e9n historia, prop\u00f3sito, sentimientos y alma.<\/p>\n\n\n\n<hr class=\"wp-block-separator has-alpha-channel-opacity\"\/>\n\n\n<div data-block-name=\"woocommerce\/product-category\" data-categories=\"[45,48]\" data-columns=\"4\" data-orderby=\"menu_order\" data-rows=\"6\" class=\"wc-block-grid wp-block-product-category wp-block-woocommerce-product-category wc-block-product-category has-4-columns has-multiple-rows\"><ul class=\"wc-block-grid__products\"><li class=\"wc-block-grid__product\">\n\t\t\t\t<a href=\"https:\/\/alfonsosilvan.es\/en\/obra\/sonar\/\" class=\"wc-block-grid__product-link\">\n\t\t\t\t\t\n\t\t\t\t\t<div class=\"wc-block-grid__product-image\"><img loading=\"lazy\" decoding=\"async\" width=\"300\" height=\"375\" src=\"https:\/\/alfonsosilvan.es\/wp-content\/uploads\/2025\/05\/SONAR-ASILVAN-300x375.jpg\" class=\"attachment-woocommerce_thumbnail size-woocommerce_thumbnail\" alt=\"So\u00f1ar\" \/><\/div>\n\t\t\t\t\t<div class=\"wc-block-grid__product-title\">So\u00f1ar<\/div>\n\t\t\t\t<\/a>\n\t\t\t\t<div class=\"wc-block-grid__product-price price\"><span class=\"woocommerce-Price-amount amount\">660,00&nbsp;<span class=\"woocommerce-Price-currencySymbol\">&euro;<\/span><\/span><\/div>\n\t\t\t\t\n\t\t\t\t<div class=\"wp-block-button wc-block-grid__product-add-to-cart\"><a href=\"\/en\/wp-json\/wp\/v2\/pages\/888?add-to-cart=1613\" aria-label=\"Add to cart: &ldquo;So\u00f1ar&rdquo;\" data-quantity=\"1\" data-product_id=\"1613\" data-product_sku=\"\" data-price=\"660\" rel=\"nofollow\" class=\"wp-block-button__link  add_to_cart_button ajax_add_to_cart\">Add to cart<\/a><\/div>\n\t\t\t<\/li><li class=\"wc-block-grid__product\">\n\t\t\t\t<a href=\"https:\/\/alfonsosilvan.es\/en\/obra\/resiliencia\/\" class=\"wc-block-grid__product-link\">\n\t\t\t\t\t\n\t\t\t\t\t<div class=\"wc-block-grid__product-image\"><img loading=\"lazy\" decoding=\"async\" width=\"300\" height=\"375\" src=\"https:\/\/alfonsosilvan.es\/wp-content\/uploads\/2025\/05\/RESILIENCIA-ASILVAN-300x375.jpg\" class=\"attachment-woocommerce_thumbnail size-woocommerce_thumbnail\" alt=\"Resiliencia\" \/><\/div>\n\t\t\t\t\t<div class=\"wc-block-grid__product-title\">Resiliencia<\/div>\n\t\t\t\t<\/a>\n\t\t\t\t<div class=\"wc-block-grid__product-price price\"><span class=\"woocommerce-Price-amount amount\">660,00&nbsp;<span class=\"woocommerce-Price-currencySymbol\">&euro;<\/span><\/span><\/div>\n\t\t\t\t\n\t\t\t\t<div class=\"wp-block-button wc-block-grid__product-add-to-cart\"><a href=\"\/en\/wp-json\/wp\/v2\/pages\/888?add-to-cart=1611\" aria-label=\"Add to cart: &ldquo;Resiliencia&rdquo;\" data-quantity=\"1\" data-product_id=\"1611\" data-product_sku=\"\" data-price=\"660\" rel=\"nofollow\" class=\"wp-block-button__link  add_to_cart_button ajax_add_to_cart\">Add to cart<\/a><\/div>\n\t\t\t<\/li><li class=\"wc-block-grid__product\">\n\t\t\t\t<a href=\"https:\/\/alfonsosilvan.es\/en\/obra\/perspectiva\/\" class=\"wc-block-grid__product-link\">\n\t\t\t\t\t\n\t\t\t\t\t<div class=\"wc-block-grid__product-image\"><img loading=\"lazy\" decoding=\"async\" width=\"300\" height=\"375\" src=\"https:\/\/alfonsosilvan.es\/wp-content\/uploads\/2025\/05\/PERSPECTIVA-ASILVAN-300x375.jpg\" class=\"attachment-woocommerce_thumbnail size-woocommerce_thumbnail\" alt=\"Perspectiva\" srcset=\"https:\/\/alfonsosilvan.es\/wp-content\/uploads\/2025\/05\/PERSPECTIVA-ASILVAN-300x375.jpg 300w, https:\/\/alfonsosilvan.es\/wp-content\/uploads\/2025\/05\/PERSPECTIVA-ASILVAN-10x12.jpg 10w\" sizes=\"auto, (max-width: 300px) 100vw, 300px\" \/><\/div>\n\t\t\t\t\t<div class=\"wc-block-grid__product-title\">Perspectiva<\/div>\n\t\t\t\t<\/a>\n\t\t\t\t<div class=\"wc-block-grid__product-price price\"><span class=\"woocommerce-Price-amount amount\">660,00&nbsp;<span class=\"woocommerce-Price-currencySymbol\">&euro;<\/span><\/span><\/div>\n\t\t\t\t\n\t\t\t\t<div class=\"wp-block-button wc-block-grid__product-add-to-cart\"><a href=\"\/en\/wp-json\/wp\/v2\/pages\/888?add-to-cart=1603\" aria-label=\"Add to cart: &ldquo;Perspectiva&rdquo;\" data-quantity=\"1\" data-product_id=\"1603\" data-product_sku=\"\" data-price=\"660\" rel=\"nofollow\" class=\"wp-block-button__link  add_to_cart_button ajax_add_to_cart\">Add to cart<\/a><\/div>\n\t\t\t<\/li><li class=\"wc-block-grid__product\">\n\t\t\t\t<a href=\"https:\/\/alfonsosilvan.es\/en\/obra\/hermano-mayor\/\" class=\"wc-block-grid__product-link\">\n\t\t\t\t\t\n\t\t\t\t\t<div class=\"wc-block-grid__product-image\"><div class=\"asnp-sale-badge-image-wrapper\" style=\"display:block; position:relative;\"><img loading=\"lazy\" decoding=\"async\" width=\"300\" height=\"375\" src=\"https:\/\/alfonsosilvan.es\/wp-content\/uploads\/2025\/05\/HERMANO-MAYOR-ASILVAN-300x375.jpg\" class=\"attachment-woocommerce_thumbnail size-woocommerce_thumbnail\" alt=\"Hermano Mayor\" srcset=\"https:\/\/alfonsosilvan.es\/wp-content\/uploads\/2025\/05\/HERMANO-MAYOR-ASILVAN-300x375.jpg 300w, https:\/\/alfonsosilvan.es\/wp-content\/uploads\/2025\/05\/HERMANO-MAYOR-ASILVAN-10x12.jpg 10w\" sizes=\"auto, (max-width: 300px) 100vw, 300px\" \/><div class=\"asnp-esb-badge-element asnp-esb-productBadge asnp-esb-productBadge-2 asnp-esb-css-label-on-image\"><div class=\"asnp-esb-badge-2\"><span class=\"asnp-esb-inner-span2-2\"><\/span><div class=\"asnp-esb-inner-span1-2\"><div class=\"asnp-esb-inner-span4-2\">VENDIDO<\/div><\/div><\/div><\/div><\/div><\/div>\n\t\t\t\t\t<div class=\"wc-block-grid__product-title\">Hermano Mayor<\/div>\n\t\t\t\t<\/a>\n\t\t\t\t<div class=\"wc-block-grid__product-price price\"><span class=\"woocommerce-Price-amount amount\">660,00&nbsp;<span class=\"woocommerce-Price-currencySymbol\">&euro;<\/span><\/span><\/div>\n\t\t\t\t\n\t\t\t\t<div class=\"wp-block-button wc-block-grid__product-add-to-cart\"><a href=\"https:\/\/alfonsosilvan.es\/en\/obra\/hermano-mayor\/\" aria-label=\"Read more about &ldquo;Hermano Mayor&rdquo;\" data-quantity=\"1\" data-product_id=\"1599\" data-product_sku=\"\" data-price=\"660\" rel=\"nofollow\" class=\"wp-block-button__link  add_to_cart_button\">Read more<\/a><\/div>\n\t\t\t<\/li><li class=\"wc-block-grid__product\">\n\t\t\t\t<a href=\"https:\/\/alfonsosilvan.es\/en\/obra\/coraje\/\" class=\"wc-block-grid__product-link\">\n\t\t\t\t\t\n\t\t\t\t\t<div class=\"wc-block-grid__product-image\"><img loading=\"lazy\" decoding=\"async\" width=\"300\" height=\"375\" src=\"https:\/\/alfonsosilvan.es\/wp-content\/uploads\/2024\/10\/CORAJE-ASILVAN-300x375.jpg\" class=\"attachment-woocommerce_thumbnail size-woocommerce_thumbnail\" alt=\"Coraje\" \/><\/div>\n\t\t\t\t\t<div class=\"wc-block-grid__product-title\">Coraje<\/div>\n\t\t\t\t<\/a>\n\t\t\t\t<div class=\"wc-block-grid__product-price price\"><span class=\"woocommerce-Price-amount amount\">660,00&nbsp;<span class=\"woocommerce-Price-currencySymbol\">&euro;<\/span><\/span><\/div>\n\t\t\t\t\n\t\t\t\t<div class=\"wp-block-button wc-block-grid__product-add-to-cart\"><a href=\"\/en\/wp-json\/wp\/v2\/pages\/888?add-to-cart=1008\" aria-label=\"Add to cart: &ldquo;Coraje&rdquo;\" data-quantity=\"1\" data-product_id=\"1008\" data-product_sku=\"\" data-price=\"660\" rel=\"nofollow\" class=\"wp-block-button__link  add_to_cart_button ajax_add_to_cart\">Add to cart<\/a><\/div>\n\t\t\t<\/li><li class=\"wc-block-grid__product\">\n\t\t\t\t<a href=\"https:\/\/alfonsosilvan.es\/en\/obra\/amor\/\" class=\"wc-block-grid__product-link\">\n\t\t\t\t\t\n\t\t\t\t\t<div class=\"wc-block-grid__product-image\"><img loading=\"lazy\" decoding=\"async\" width=\"300\" height=\"375\" src=\"https:\/\/alfonsosilvan.es\/wp-content\/uploads\/2024\/07\/AMOR-ASILVAN-300x375.jpg\" class=\"attachment-woocommerce_thumbnail size-woocommerce_thumbnail\" alt=\"Amor\" srcset=\"https:\/\/alfonsosilvan.es\/wp-content\/uploads\/2024\/07\/AMOR-ASILVAN-300x375.jpg 300w, https:\/\/alfonsosilvan.es\/wp-content\/uploads\/2024\/07\/AMOR-ASILVAN-241x300.jpg 241w\" sizes=\"auto, (max-width: 300px) 100vw, 300px\" \/><\/div>\n\t\t\t\t\t<div class=\"wc-block-grid__product-title\">Amor<\/div>\n\t\t\t\t<\/a>\n\t\t\t\t<div class=\"wc-block-grid__product-price price\"><span class=\"woocommerce-Price-amount amount\">660,00&nbsp;<span class=\"woocommerce-Price-currencySymbol\">&euro;<\/span><\/span><\/div>\n\t\t\t\t\n\t\t\t\t<div class=\"wp-block-button wc-block-grid__product-add-to-cart\"><a href=\"\/en\/wp-json\/wp\/v2\/pages\/888?add-to-cart=866\" aria-label=\"Add to cart: &ldquo;Amor&rdquo;\" data-quantity=\"1\" data-product_id=\"866\" data-product_sku=\"\" data-price=\"660\" rel=\"nofollow\" class=\"wp-block-button__link  add_to_cart_button ajax_add_to_cart\">Add to cart<\/a><\/div>\n\t\t\t<\/li><li class=\"wc-block-grid__product\">\n\t\t\t\t<a href=\"https:\/\/alfonsosilvan.es\/en\/obra\/dolor\/\" class=\"wc-block-grid__product-link\">\n\t\t\t\t\t\n\t\t\t\t\t<div class=\"wc-block-grid__product-image\"><img loading=\"lazy\" decoding=\"async\" width=\"300\" height=\"375\" src=\"https:\/\/alfonsosilvan.es\/wp-content\/uploads\/2024\/07\/DOLOR-ASILVAN-300x375.jpg\" class=\"attachment-woocommerce_thumbnail size-woocommerce_thumbnail\" alt=\"Dolor\" \/><\/div>\n\t\t\t\t\t<div class=\"wc-block-grid__product-title\">Dolor<\/div>\n\t\t\t\t<\/a>\n\t\t\t\t<div class=\"wc-block-grid__product-price price\"><span class=\"woocommerce-Price-amount amount\">660,00&nbsp;<span class=\"woocommerce-Price-currencySymbol\">&euro;<\/span><\/span><\/div>\n\t\t\t\t\n\t\t\t\t<div class=\"wp-block-button wc-block-grid__product-add-to-cart\"><a href=\"\/en\/wp-json\/wp\/v2\/pages\/888?add-to-cart=864\" aria-label=\"Add to cart: &ldquo;Dolor&rdquo;\" data-quantity=\"1\" data-product_id=\"864\" data-product_sku=\"\" data-price=\"660\" rel=\"nofollow\" class=\"wp-block-button__link  add_to_cart_button ajax_add_to_cart\">Add to cart<\/a><\/div>\n\t\t\t<\/li><li class=\"wc-block-grid__product\">\n\t\t\t\t<a href=\"https:\/\/alfonsosilvan.es\/en\/obra\/disciplina\/\" class=\"wc-block-grid__product-link\">\n\t\t\t\t\t\n\t\t\t\t\t<div class=\"wc-block-grid__product-image\"><div class=\"asnp-sale-badge-image-wrapper\" style=\"display:block; position:relative;\"><img loading=\"lazy\" decoding=\"async\" width=\"300\" height=\"375\" src=\"https:\/\/alfonsosilvan.es\/wp-content\/uploads\/2024\/07\/DISCIPLINA-ASILVAN-300x375.jpg\" class=\"attachment-woocommerce_thumbnail size-woocommerce_thumbnail\" alt=\"Disciplina\" srcset=\"https:\/\/alfonsosilvan.es\/wp-content\/uploads\/2024\/07\/DISCIPLINA-ASILVAN-300x375.jpg 300w, https:\/\/alfonsosilvan.es\/wp-content\/uploads\/2024\/07\/DISCIPLINA-ASILVAN-241x300.jpg 241w, https:\/\/alfonsosilvan.es\/wp-content\/uploads\/2024\/07\/DISCIPLINA-ASILVAN-821x1024.jpg 821w, https:\/\/alfonsosilvan.es\/wp-content\/uploads\/2024\/07\/DISCIPLINA-ASILVAN-768x958.jpg 768w, https:\/\/alfonsosilvan.es\/wp-content\/uploads\/2024\/07\/DISCIPLINA-ASILVAN-1232x1536.jpg 1232w, https:\/\/alfonsosilvan.es\/wp-content\/uploads\/2024\/07\/DISCIPLINA-ASILVAN-1643x2048.jpg 1643w, https:\/\/alfonsosilvan.es\/wp-content\/uploads\/2024\/07\/DISCIPLINA-ASILVAN-600x748.jpg 600w\" sizes=\"auto, (max-width: 300px) 100vw, 300px\" \/><div class=\"asnp-esb-badge-element asnp-esb-productBadge asnp-esb-productBadge-2 asnp-esb-css-label-on-image\"><div class=\"asnp-esb-badge-2\"><span class=\"asnp-esb-inner-span2-2\"><\/span><div class=\"asnp-esb-inner-span1-2\"><div class=\"asnp-esb-inner-span4-2\">VENDIDO<\/div><\/div><\/div><\/div><\/div><\/div>\n\t\t\t\t\t<div class=\"wc-block-grid__product-title\">Disciplina<\/div>\n\t\t\t\t<\/a>\n\t\t\t\t<div class=\"wc-block-grid__product-price price\"><span class=\"woocommerce-Price-amount amount\">660,00&nbsp;<span class=\"woocommerce-Price-currencySymbol\">&euro;<\/span><\/span><\/div>\n\t\t\t\t\n\t\t\t\t<div class=\"wp-block-button wc-block-grid__product-add-to-cart\"><a href=\"https:\/\/alfonsosilvan.es\/en\/obra\/disciplina\/\" aria-label=\"Read more about &ldquo;Disciplina&rdquo;\" data-quantity=\"1\" data-product_id=\"862\" data-product_sku=\"\" data-price=\"660\" rel=\"nofollow\" class=\"wp-block-button__link  add_to_cart_button\">Read more<\/a><\/div>\n\t\t\t<\/li><li class=\"wc-block-grid__product\">\n\t\t\t\t<a href=\"https:\/\/alfonsosilvan.es\/en\/obra\/lucha\/\" class=\"wc-block-grid__product-link\">\n\t\t\t\t\t\n\t\t\t\t\t<div class=\"wc-block-grid__product-image\"><img loading=\"lazy\" decoding=\"async\" width=\"300\" height=\"375\" src=\"https:\/\/alfonsosilvan.es\/wp-content\/uploads\/2024\/07\/LUCHA-ASILVAN-300x375.jpg\" class=\"attachment-woocommerce_thumbnail size-woocommerce_thumbnail\" alt=\"Lucha\" srcset=\"https:\/\/alfonsosilvan.es\/wp-content\/uploads\/2024\/07\/LUCHA-ASILVAN-300x375.jpg 300w, https:\/\/alfonsosilvan.es\/wp-content\/uploads\/2024\/07\/LUCHA-ASILVAN-240x300.jpg 240w, https:\/\/alfonsosilvan.es\/wp-content\/uploads\/2024\/07\/LUCHA-ASILVAN-820x1024.jpg 820w, https:\/\/alfonsosilvan.es\/wp-content\/uploads\/2024\/07\/LUCHA-ASILVAN-768x959.jpg 768w, https:\/\/alfonsosilvan.es\/wp-content\/uploads\/2024\/07\/LUCHA-ASILVAN-1230x1536.jpg 1230w, https:\/\/alfonsosilvan.es\/wp-content\/uploads\/2024\/07\/LUCHA-ASILVAN-1640x2048.jpg 1640w, https:\/\/alfonsosilvan.es\/wp-content\/uploads\/2024\/07\/LUCHA-ASILVAN-600x749.jpg 600w\" sizes=\"auto, (max-width: 300px) 100vw, 300px\" \/><\/div>\n\t\t\t\t\t<div class=\"wc-block-grid__product-title\">Lucha<\/div>\n\t\t\t\t<\/a>\n\t\t\t\t<div class=\"wc-block-grid__product-price price\"><span class=\"woocommerce-Price-amount amount\">660,00&nbsp;<span class=\"woocommerce-Price-currencySymbol\">&euro;<\/span><\/span><\/div>\n\t\t\t\t\n\t\t\t\t<div class=\"wp-block-button wc-block-grid__product-add-to-cart\"><a href=\"\/en\/wp-json\/wp\/v2\/pages\/888?add-to-cart=860\" aria-label=\"Add to cart: &ldquo;Lucha&rdquo;\" data-quantity=\"1\" data-product_id=\"860\" data-product_sku=\"\" data-price=\"660\" rel=\"nofollow\" class=\"wp-block-button__link  add_to_cart_button ajax_add_to_cart\">Add to cart<\/a><\/div>\n\t\t\t<\/li><li class=\"wc-block-grid__product\">\n\t\t\t\t<a href=\"https:\/\/alfonsosilvan.es\/en\/obra\/raices\/\" class=\"wc-block-grid__product-link\">\n\t\t\t\t\t\n\t\t\t\t\t<div class=\"wc-block-grid__product-image\"><img loading=\"lazy\" decoding=\"async\" width=\"300\" height=\"375\" src=\"https:\/\/alfonsosilvan.es\/wp-content\/uploads\/2024\/07\/RAICES-ASILVAN-300x375.jpg\" class=\"attachment-woocommerce_thumbnail size-woocommerce_thumbnail\" alt=\"Ra\u00edces\" \/><\/div>\n\t\t\t\t\t<div class=\"wc-block-grid__product-title\">Ra\u00edces<\/div>\n\t\t\t\t<\/a>\n\t\t\t\t<div class=\"wc-block-grid__product-price price\"><span class=\"woocommerce-Price-amount amount\">660,00&nbsp;<span class=\"woocommerce-Price-currencySymbol\">&euro;<\/span><\/span><\/div>\n\t\t\t\t\n\t\t\t\t<div class=\"wp-block-button wc-block-grid__product-add-to-cart\"><a href=\"\/en\/wp-json\/wp\/v2\/pages\/888?add-to-cart=858\" aria-label=\"Add to cart: &ldquo;Ra\u00edces&rdquo;\" data-quantity=\"1\" data-product_id=\"858\" data-product_sku=\"\" data-price=\"660\" rel=\"nofollow\" class=\"wp-block-button__link  add_to_cart_button ajax_add_to_cart\">Add to cart<\/a><\/div>\n\t\t\t<\/li><li class=\"wc-block-grid__product\">\n\t\t\t\t<a href=\"https:\/\/alfonsosilvan.es\/en\/obra\/padre\/\" class=\"wc-block-grid__product-link\">\n\t\t\t\t\t\n\t\t\t\t\t<div class=\"wc-block-grid__product-image\"><div class=\"asnp-sale-badge-image-wrapper\" style=\"display:block; position:relative;\"><img loading=\"lazy\" decoding=\"async\" width=\"300\" height=\"375\" src=\"https:\/\/alfonsosilvan.es\/wp-content\/uploads\/2024\/07\/PADRE-ASILVAN-300x375.jpg\" class=\"attachment-woocommerce_thumbnail size-woocommerce_thumbnail\" alt=\"Padre\" srcset=\"https:\/\/alfonsosilvan.es\/wp-content\/uploads\/2024\/07\/PADRE-ASILVAN-300x375.jpg 300w, https:\/\/alfonsosilvan.es\/wp-content\/uploads\/2024\/07\/PADRE-ASILVAN-241x300.jpg 241w, https:\/\/alfonsosilvan.es\/wp-content\/uploads\/2024\/07\/PADRE-ASILVAN-822x1024.jpg 822w, https:\/\/alfonsosilvan.es\/wp-content\/uploads\/2024\/07\/PADRE-ASILVAN-1233x1536.jpg 1233w, https:\/\/alfonsosilvan.es\/wp-content\/uploads\/2024\/07\/PADRE-ASILVAN-600x747.jpg 600w\" sizes=\"auto, (max-width: 300px) 100vw, 300px\" \/><div class=\"asnp-esb-badge-element asnp-esb-productBadge asnp-esb-productBadge-2 asnp-esb-css-label-on-image\"><div class=\"asnp-esb-badge-2\"><span class=\"asnp-esb-inner-span2-2\"><\/span><div class=\"asnp-esb-inner-span1-2\"><div class=\"asnp-esb-inner-span4-2\">VENDIDO<\/div><\/div><\/div><\/div><\/div><\/div>\n\t\t\t\t\t<div class=\"wc-block-grid__product-title\">Padre<\/div>\n\t\t\t\t<\/a>\n\t\t\t\t<div class=\"wc-block-grid__product-price price\"><span class=\"woocommerce-Price-amount amount\">660,00&nbsp;<span class=\"woocommerce-Price-currencySymbol\">&euro;<\/span><\/span><\/div>\n\t\t\t\t\n\t\t\t\t<div class=\"wp-block-button wc-block-grid__product-add-to-cart\"><a href=\"https:\/\/alfonsosilvan.es\/en\/obra\/padre\/\" aria-label=\"Read more about &ldquo;Padre&rdquo;\" data-quantity=\"1\" data-product_id=\"856\" data-product_sku=\"\" data-price=\"660\" rel=\"nofollow\" class=\"wp-block-button__link  add_to_cart_button\">Read more<\/a><\/div>\n\t\t\t<\/li><li class=\"wc-block-grid__product\">\n\t\t\t\t<a href=\"https:\/\/alfonsosilvan.es\/en\/obra\/madre\/\" class=\"wc-block-grid__product-link\">\n\t\t\t\t\t\n\t\t\t\t\t<div class=\"wc-block-grid__product-image\"><div class=\"asnp-sale-badge-image-wrapper\" style=\"display:block; position:relative;\"><img loading=\"lazy\" decoding=\"async\" width=\"300\" height=\"375\" src=\"https:\/\/alfonsosilvan.es\/wp-content\/uploads\/2024\/07\/MADRE-ASILVAN-300x375.jpg\" class=\"attachment-woocommerce_thumbnail size-woocommerce_thumbnail\" alt=\"Madre\" srcset=\"https:\/\/alfonsosilvan.es\/wp-content\/uploads\/2024\/07\/MADRE-ASILVAN-300x375.jpg 300w, https:\/\/alfonsosilvan.es\/wp-content\/uploads\/2024\/07\/MADRE-ASILVAN-241x300.jpg 241w\" sizes=\"auto, (max-width: 300px) 100vw, 300px\" \/><div class=\"asnp-esb-badge-element asnp-esb-productBadge asnp-esb-productBadge-2 asnp-esb-css-label-on-image\"><div class=\"asnp-esb-badge-2\"><span class=\"asnp-esb-inner-span2-2\"><\/span><div class=\"asnp-esb-inner-span1-2\"><div class=\"asnp-esb-inner-span4-2\">VENDIDO<\/div><\/div><\/div><\/div><\/div><\/div>\n\t\t\t\t\t<div class=\"wc-block-grid__product-title\">Madre<\/div>\n\t\t\t\t<\/a>\n\t\t\t\t<div class=\"wc-block-grid__product-price price\"><span class=\"woocommerce-Price-amount amount\">660,00&nbsp;<span class=\"woocommerce-Price-currencySymbol\">&euro;<\/span><\/span><\/div>\n\t\t\t\t\n\t\t\t\t<div class=\"wp-block-button wc-block-grid__product-add-to-cart\"><a href=\"https:\/\/alfonsosilvan.es\/en\/obra\/madre\/\" aria-label=\"Read more about &ldquo;Madre&rdquo;\" data-quantity=\"1\" data-product_id=\"854\" data-product_sku=\"\" data-price=\"660\" rel=\"nofollow\" class=\"wp-block-button__link  add_to_cart_button\">Read more<\/a><\/div>\n\t\t\t<\/li><li class=\"wc-block-grid__product\">\n\t\t\t\t<a href=\"https:\/\/alfonsosilvan.es\/en\/obra\/solidaridad\/\" class=\"wc-block-grid__product-link\">\n\t\t\t\t\t\n\t\t\t\t\t<div class=\"wc-block-grid__product-image\"><img loading=\"lazy\" decoding=\"async\" width=\"300\" height=\"375\" src=\"https:\/\/alfonsosilvan.es\/wp-content\/uploads\/2024\/07\/SOLIDARIDAD-ASILVAN-300x375.jpg\" class=\"attachment-woocommerce_thumbnail size-woocommerce_thumbnail\" alt=\"Solidaridad\" \/><\/div>\n\t\t\t\t\t<div class=\"wc-block-grid__product-title\">Solidaridad<\/div>\n\t\t\t\t<\/a>\n\t\t\t\t<div class=\"wc-block-grid__product-price price\"><span class=\"woocommerce-Price-amount amount\">660,00&nbsp;<span class=\"woocommerce-Price-currencySymbol\">&euro;<\/span><\/span><\/div>\n\t\t\t\t\n\t\t\t\t<div class=\"wp-block-button wc-block-grid__product-add-to-cart\"><a href=\"\/en\/wp-json\/wp\/v2\/pages\/888?add-to-cart=852\" aria-label=\"Add to cart: &ldquo;Solidaridad&rdquo;\" data-quantity=\"1\" data-product_id=\"852\" data-product_sku=\"\" data-price=\"660\" rel=\"nofollow\" class=\"wp-block-button__link  add_to_cart_button ajax_add_to_cart\">Add to cart<\/a><\/div>\n\t\t\t<\/li><li class=\"wc-block-grid__product\">\n\t\t\t\t<a href=\"https:\/\/alfonsosilvan.es\/en\/obra\/lealtad\/\" class=\"wc-block-grid__product-link\">\n\t\t\t\t\t\n\t\t\t\t\t<div class=\"wc-block-grid__product-image\"><div class=\"asnp-sale-badge-image-wrapper\" style=\"display:block; position:relative;\"><img loading=\"lazy\" decoding=\"async\" width=\"300\" height=\"375\" src=\"https:\/\/alfonsosilvan.es\/wp-content\/uploads\/2024\/07\/LEALTAD-ASILVAN-300x375.jpg\" class=\"attachment-woocommerce_thumbnail size-woocommerce_thumbnail\" alt=\"Lealtad\" \/><div class=\"asnp-esb-badge-element asnp-esb-productBadge asnp-esb-productBadge-2 asnp-esb-css-label-on-image\"><div class=\"asnp-esb-badge-2\"><span class=\"asnp-esb-inner-span2-2\"><\/span><div class=\"asnp-esb-inner-span1-2\"><div class=\"asnp-esb-inner-span4-2\">VENDIDO<\/div><\/div><\/div><\/div><\/div><\/div>\n\t\t\t\t\t<div class=\"wc-block-grid__product-title\">Lealtad<\/div>\n\t\t\t\t<\/a>\n\t\t\t\t<div class=\"wc-block-grid__product-price price\"><span class=\"woocommerce-Price-amount amount\">660,00&nbsp;<span class=\"woocommerce-Price-currencySymbol\">&euro;<\/span><\/span><\/div>\n\t\t\t\t\n\t\t\t\t<div class=\"wp-block-button wc-block-grid__product-add-to-cart\"><a href=\"https:\/\/alfonsosilvan.es\/en\/obra\/lealtad\/\" aria-label=\"Read more about &ldquo;Lealtad&rdquo;\" data-quantity=\"1\" data-product_id=\"850\" data-product_sku=\"\" data-price=\"660\" rel=\"nofollow\" class=\"wp-block-button__link  add_to_cart_button\">Read more<\/a><\/div>\n\t\t\t<\/li><li class=\"wc-block-grid__product\">\n\t\t\t\t<a href=\"https:\/\/alfonsosilvan.es\/en\/obra\/fe-y-gratitud\/\" class=\"wc-block-grid__product-link\">\n\t\t\t\t\t\n\t\t\t\t\t<div class=\"wc-block-grid__product-image\"><img loading=\"lazy\" decoding=\"async\" width=\"300\" height=\"375\" src=\"https:\/\/alfonsosilvan.es\/wp-content\/uploads\/2024\/07\/FE-Y-GRATITUD-ASILVAN-300x375.jpg\" class=\"attachment-woocommerce_thumbnail size-woocommerce_thumbnail\" alt=\"Fe y Gratitud\" \/><\/div>\n\t\t\t\t\t<div class=\"wc-block-grid__product-title\">Fe y Gratitud<\/div>\n\t\t\t\t<\/a>\n\t\t\t\t<div class=\"wc-block-grid__product-price price\"><span class=\"woocommerce-Price-amount amount\">660,00&nbsp;<span class=\"woocommerce-Price-currencySymbol\">&euro;<\/span><\/span><\/div>\n\t\t\t\t\n\t\t\t\t<div class=\"wp-block-button wc-block-grid__product-add-to-cart\"><a href=\"\/en\/wp-json\/wp\/v2\/pages\/888?add-to-cart=848\" aria-label=\"Add to cart: &ldquo;Fe y Gratitud&rdquo;\" data-quantity=\"1\" data-product_id=\"848\" data-product_sku=\"\" data-price=\"660\" rel=\"nofollow\" class=\"wp-block-button__link  add_to_cart_button ajax_add_to_cart\">Add to cart<\/a><\/div>\n\t\t\t<\/li><\/ul><\/div>\n\n\n<p class=\"has-text-align-center has-normal-font-size\"><a href=\"https:\/\/alfonsosilvan.es\/obra-original\/\" data-type=\"page\" data-id=\"778\">Volver a Obra Original<\/a><\/p>\n\n\n\n<hr class=\"wp-block-separator has-alpha-channel-opacity\"\/>\n\n\n\n<p class=\"has-text-align-center\"><strong>CUADROS POR ENCARGO<\/strong><br>Cu\u00e9ntame qu\u00e9 tienes en mente y hagamos esa obra de arte que tanto deseas.<br><a style=\"text-decoration:none\" href=\"https:\/\/alfonsosilvan.es\/contacto\/\" data-type=\"page\" data-id=\"7\">Cont\u00e1ctame<\/a><\/p>\n","protected":false},"excerpt":{"rendered":"<p>Obra Original Religiosas \u00b7 Leyendas \u00b7 Iconos \u00b7 Animales \u00b7 Puro en Rojo \u00b7 \u00c1frica \u00b7 Otros \u00b7 Encargos PURO EN ROJO, UN VIAJE AL INTERIOR DE A.SILV\u00c1NUna colecci\u00f3n que<\/p>\n<p class=\"more-link\"><a href=\"https:\/\/alfonsosilvan.es\/en\/obra-original\/puro-en-rojo\/\" class=\"readmore\">Continue reading<svg class=\"icon icon-arrow-right\" aria-hidden=\"true\" role=\"img\"> <use href=\"#icon-arrow-right\" xlink:href=\"#icon-arrow-right\"><\/use> <\/svg><span class=\"screen-reader-text\">Obra Original &#8211; Puro en Rojo<\/span><\/a><\/p>","protected":false},"author":1,"featured_media":0,"parent":778,"menu_order":0,"comment_status":"closed","ping_status":"closed","template":"","meta":{"footnotes":""},"class_list":["post-888","page","type-page","status-publish","hentry"],"_links":{"self":[{"href":"https:\/\/alfonsosilvan.es\/en\/wp-json\/wp\/v2\/pages\/888","targetHints":{"allow":["GET"]}}],"collection":[{"href":"https:\/\/alfonsosilvan.es\/en\/wp-json\/wp\/v2\/pages"}],"about":[{"href":"https:\/\/alfonsosilvan.es\/en\/wp-json\/wp\/v2\/types\/page"}],"author":[{"embeddable":true,"href":"https:\/\/alfonsosilvan.es\/en\/wp-json\/wp\/v2\/users\/1"}],"replies":[{"embeddable":true,"href":"https:\/\/alfonsosilvan.es\/en\/wp-json\/wp\/v2\/comments?post=888"}],"version-history":[{"count":27,"href":"https:\/\/alfonsosilvan.es\/en\/wp-json\/wp\/v2\/pages\/888\/revisions"}],"predecessor-version":[{"id":2101,"href":"https:\/\/alfonsosilvan.es\/en\/wp-json\/wp\/v2\/pages\/888\/revisions\/2101"}],"up":[{"embeddable":true,"href":"https:\/\/alfonsosilvan.es\/en\/wp-json\/wp\/v2\/pages\/778"}],"wp:attachment":[{"href":"https:\/\/alfonsosilvan.es\/en\/wp-json\/wp\/v2\/media?parent=888"}],"curies":[{"name":"wp","href":"https:\/\/api.w.org\/{rel}","templated":true}]}}