{"id":1001,"date":"2024-10-18T16:52:50","date_gmt":"2024-10-18T16:52:50","guid":{"rendered":"https:\/\/alfonsosilvan.es\/?post_type=product&#038;p=1001"},"modified":"2025-02-24T17:00:00","modified_gmt":"2025-02-24T17:00:00","slug":"mistico-y-elegante-first-look","status":"publish","type":"product","link":"https:\/\/alfonsosilvan.es\/en\/obra\/mistico-y-elegante-first-look\/","title":{"rendered":"MYSTICAL AND ELEGANT - FIRST LOOK"},"content":{"rendered":"","protected":false},"excerpt":{"rendered":"<p>\u00abFirst Look\u00bb poster of the original painting Mystic and Elegant by A.Silv\u00e1n<\/p>\n<ul>\n<li>Collection: Animals<\/li>\n<li>Printing on 220gr photographic paper<\/li>\n<li>Year: 2024<\/li>\n<li><span style=\"font-size: inherit;\">Delivered without frame<\/span><\/li>\n<\/ul>\n<p>*Seg\u00fan el tama\u00f1o elegido, var\u00eda ligeramente el dise\u00f1o del p\u00f3ster &hellip; <a href=\"https:\/\/alfonsosilvan.es\/en\/obra\/mistico-y-elegante-first-look\/\" class=\"more-link\"><span class=\"readmore\">Continue reading<span class=\"screen-reader-text\">MYSTICAL AND ELEGANT - FIRST LOOK<\/span><\/span><\/a><\/p>","protected":false},"featured_media":1513,"template":"","meta":[],"product_brand":[],"product_cat":[51,39],"product_tag":[32],"class_list":{"0":"post-1001","1":"product","2":"type-product","3":"status-publish","4":"has-post-thumbnail","6":"product_cat-animales-firstlook","7":"product_cat-laminas","8":"product_tag-retrato","9":"product_shipping_class-laminas","11":"first","12":"instock","13":"taxable","14":"shipping-taxable","15":"purchasable","16":"product-type-variable"},"_links":{"self":[{"href":"https:\/\/alfonsosilvan.es\/en\/wp-json\/wp\/v2\/product\/1001","targetHints":{"allow":["GET"]}}],"collection":[{"href":"https:\/\/alfonsosilvan.es\/en\/wp-json\/wp\/v2\/product"}],"about":[{"href":"https:\/\/alfonsosilvan.es\/en\/wp-json\/wp\/v2\/types\/product"}],"wp:featuredmedia":[{"embeddable":true,"href":"https:\/\/alfonsosilvan.es\/en\/wp-json\/wp\/v2\/media\/1513"}],"wp:attachment":[{"href":"https:\/\/alfonsosilvan.es\/en\/wp-json\/wp\/v2\/media?parent=1001"}],"wp:term":[{"taxonomy":"product_brand","embeddable":true,"href":"https:\/\/alfonsosilvan.es\/en\/wp-json\/wp\/v2\/product_brand?post=1001"},{"taxonomy":"product_cat","embeddable":true,"href":"https:\/\/alfonsosilvan.es\/en\/wp-json\/wp\/v2\/product_cat?post=1001"},{"taxonomy":"product_tag","embeddable":true,"href":"https:\/\/alfonsosilvan.es\/en\/wp-json\/wp\/v2\/product_tag?post=1001"}],"curies":[{"name":"wp","href":"https:\/\/api.w.org\/{rel}","templated":true}]}}