{"id":1089,"date":"2025-02-03T20:08:47","date_gmt":"2025-02-03T20:08:47","guid":{"rendered":"https:\/\/alfonsosilvan.es\/?post_type=product&#038;p=1089"},"modified":"2025-11-17T16:12:37","modified_gmt":"2025-11-17T16:12:37","slug":"en-algun-lugar-de-kenia","status":"publish","type":"product","link":"https:\/\/alfonsosilvan.es\/en\/obra\/en-algun-lugar-de-kenia\/","title":{"rendered":"Somewhere in Kenya"},"content":{"rendered":"","protected":false},"excerpt":{"rendered":"<p>Original painting by A.Silv\u00e1n<\/p>\n<ul>\n<li>Collection: Africa<\/li>\n<li>Oil on canvas (tablet)<\/li>\n<li>Size: 40 x 30 cm<\/li>\n<li>Year: 2020<\/li>\n<li>Certificate of authenticity<\/li>\n<\/ul>\n<p>Artist description:<br \/>\nThat boy who greeted us in the middle of the road to the Maasai Mara.<br \/>\nOne of the most memorable moments I remember from that trip\u2026<br \/>\nPintado en \u00f3leo, con un trazo delicado y un paisaje c\u00e1lido, percibimos una estampa que se enmarca entre lo tierno y lo dif\u00edcil, una imagen vale m\u00e1s que mil palabras y en este caso se podr\u00edan hacer mucho m\u00e1s de mil lecturas de la situaci\u00f3n representada. &hellip; <a href=\"https:\/\/alfonsosilvan.es\/en\/obra\/en-algun-lugar-de-kenia\/\" class=\"more-link\"><span class=\"readmore\">Continue reading<span class=\"screen-reader-text\">Somewhere in Kenya<\/span><\/span><\/a><\/p>","protected":false},"featured_media":205,"template":"","meta":[],"product_brand":[],"product_cat":[46,38],"product_tag":[31],"class_list":{"0":"post-1089","1":"product","2":"type-product","3":"status-publish","4":"has-post-thumbnail","6":"product_cat-africa","7":"product_cat-obra-original","8":"product_tag-paisaje","9":"product_shipping_class-cuadros-pequenos","11":"first","12":"instock","13":"sold-individually","14":"taxable","15":"shipping-taxable","16":"purchasable","17":"product-type-simple"},"_links":{"self":[{"href":"https:\/\/alfonsosilvan.es\/en\/wp-json\/wp\/v2\/product\/1089","targetHints":{"allow":["GET"]}}],"collection":[{"href":"https:\/\/alfonsosilvan.es\/en\/wp-json\/wp\/v2\/product"}],"about":[{"href":"https:\/\/alfonsosilvan.es\/en\/wp-json\/wp\/v2\/types\/product"}],"wp:featuredmedia":[{"embeddable":true,"href":"https:\/\/alfonsosilvan.es\/en\/wp-json\/wp\/v2\/media\/205"}],"wp:attachment":[{"href":"https:\/\/alfonsosilvan.es\/en\/wp-json\/wp\/v2\/media?parent=1089"}],"wp:term":[{"taxonomy":"product_brand","embeddable":true,"href":"https:\/\/alfonsosilvan.es\/en\/wp-json\/wp\/v2\/product_brand?post=1089"},{"taxonomy":"product_cat","embeddable":true,"href":"https:\/\/alfonsosilvan.es\/en\/wp-json\/wp\/v2\/product_cat?post=1089"},{"taxonomy":"product_tag","embeddable":true,"href":"https:\/\/alfonsosilvan.es\/en\/wp-json\/wp\/v2\/product_tag?post=1089"}],"curies":[{"name":"wp","href":"https:\/\/api.w.org\/{rel}","templated":true}]}}