{"id":1093,"date":"2025-02-03T20:17:17","date_gmt":"2025-02-03T20:17:17","guid":{"rendered":"https:\/\/alfonsosilvan.es\/?post_type=product&#038;p=1093"},"modified":"2025-10-27T16:05:29","modified_gmt":"2025-10-27T16:05:29","slug":"dominic","status":"publish","type":"product","link":"https:\/\/alfonsosilvan.es\/en\/obra\/dominic\/","title":{"rendered":"Dominic"},"content":{"rendered":"","protected":false},"excerpt":{"rendered":"<p>Original painting by A.Silv\u00e1n<\/p>\n<ul>\n<li>Collection: Africa<\/li>\n<li>Acrylic on canvas<\/li>\n<li>Size: 60 x 81 cm<\/li>\n<li>Year: 2020<\/li>\n<li>Certificate of authenticity<\/li>\n<\/ul>\n<p>Artist description:<br \/>\nDominic, a Maasai warrior, was also our friend and guide along with William during our incredible days in the Maasai Mara.<br \/>\nUna de esas personas que inspiran. Cercano, gracioso y bromista. Amigo, t\u00fa tambi\u00e9n fuiste responsable de hacer que valiese la pena cada instante que vivimos all\u00ed. &hellip; <a href=\"https:\/\/alfonsosilvan.es\/en\/obra\/dominic\/\" class=\"more-link\"><span class=\"readmore\">Continue reading<span class=\"screen-reader-text\">Dominic<\/span><\/span><\/a><\/p>","protected":false},"featured_media":207,"template":"","meta":[],"product_brand":[],"product_cat":[46,38],"product_tag":[32],"class_list":{"0":"post-1093","1":"product","2":"type-product","3":"status-publish","4":"has-post-thumbnail","6":"product_cat-africa","7":"product_cat-obra-original","8":"product_tag-retrato","9":"product_shipping_class-cuadros-grandes","11":"first","12":"instock","13":"sold-individually","14":"taxable","15":"shipping-taxable","16":"purchasable","17":"product-type-simple"},"_links":{"self":[{"href":"https:\/\/alfonsosilvan.es\/en\/wp-json\/wp\/v2\/product\/1093","targetHints":{"allow":["GET"]}}],"collection":[{"href":"https:\/\/alfonsosilvan.es\/en\/wp-json\/wp\/v2\/product"}],"about":[{"href":"https:\/\/alfonsosilvan.es\/en\/wp-json\/wp\/v2\/types\/product"}],"wp:featuredmedia":[{"embeddable":true,"href":"https:\/\/alfonsosilvan.es\/en\/wp-json\/wp\/v2\/media\/207"}],"wp:attachment":[{"href":"https:\/\/alfonsosilvan.es\/en\/wp-json\/wp\/v2\/media?parent=1093"}],"wp:term":[{"taxonomy":"product_brand","embeddable":true,"href":"https:\/\/alfonsosilvan.es\/en\/wp-json\/wp\/v2\/product_brand?post=1093"},{"taxonomy":"product_cat","embeddable":true,"href":"https:\/\/alfonsosilvan.es\/en\/wp-json\/wp\/v2\/product_cat?post=1093"},{"taxonomy":"product_tag","embeddable":true,"href":"https:\/\/alfonsosilvan.es\/en\/wp-json\/wp\/v2\/product_tag?post=1093"}],"curies":[{"name":"wp","href":"https:\/\/api.w.org\/{rel}","templated":true}]}}