{"id":1097,"date":"2025-02-03T20:23:42","date_gmt":"2025-02-03T20:23:42","guid":{"rendered":"https:\/\/alfonsosilvan.es\/?post_type=product&#038;p=1097"},"modified":"2025-10-27T15:38:52","modified_gmt":"2025-10-27T15:38:52","slug":"nino-angel","status":"publish","type":"product","link":"https:\/\/alfonsosilvan.es\/en\/obra\/nino-angel\/","title":{"rendered":"Angel Child"},"content":{"rendered":"","protected":false},"excerpt":{"rendered":"<p>Original painting by A.Silv\u00e1n<\/p>\n<ul>\n<li>Collection: Africa<\/li>\n<li>Acrylic on canvas<\/li>\n<li>Size: 73 x 100 cm<\/li>\n<li>Year: 2020<\/li>\n<li>Certificate of authenticity<\/li>\n<\/ul>\n<p>Artist description:<br \/>\nA special portrait, with a story that will remain in the hearts of those of us who were part of the journey.<br \/>\nEs una obra m\u00e1gica, capta a la perfecci\u00f3n la inocencia de un ni\u00f1o con una mirada especial y llena de amor. Un cuadro con un contraste fuerte de colores que lo hace visualmente super llamativo y atractivo. Una obra que se ha ganado el coraz\u00f3n de mucha gente&#8230; &hellip; <a href=\"https:\/\/alfonsosilvan.es\/en\/obra\/nino-angel\/\" class=\"more-link\"><span class=\"readmore\">Continue reading<span class=\"screen-reader-text\">Angel Child<\/span><\/span><\/a><\/p>","protected":false},"featured_media":213,"template":"","meta":[],"product_brand":[],"product_cat":[46,38],"product_tag":[32],"class_list":{"0":"post-1097","1":"product","2":"type-product","3":"status-publish","4":"has-post-thumbnail","6":"product_cat-africa","7":"product_cat-obra-original","8":"product_tag-retrato","9":"product_shipping_class-cuadros-grandes","11":"first","12":"instock","13":"sold-individually","14":"taxable","15":"shipping-taxable","16":"purchasable","17":"product-type-simple"},"_links":{"self":[{"href":"https:\/\/alfonsosilvan.es\/en\/wp-json\/wp\/v2\/product\/1097","targetHints":{"allow":["GET"]}}],"collection":[{"href":"https:\/\/alfonsosilvan.es\/en\/wp-json\/wp\/v2\/product"}],"about":[{"href":"https:\/\/alfonsosilvan.es\/en\/wp-json\/wp\/v2\/types\/product"}],"wp:featuredmedia":[{"embeddable":true,"href":"https:\/\/alfonsosilvan.es\/en\/wp-json\/wp\/v2\/media\/213"}],"wp:attachment":[{"href":"https:\/\/alfonsosilvan.es\/en\/wp-json\/wp\/v2\/media?parent=1097"}],"wp:term":[{"taxonomy":"product_brand","embeddable":true,"href":"https:\/\/alfonsosilvan.es\/en\/wp-json\/wp\/v2\/product_brand?post=1097"},{"taxonomy":"product_cat","embeddable":true,"href":"https:\/\/alfonsosilvan.es\/en\/wp-json\/wp\/v2\/product_cat?post=1097"},{"taxonomy":"product_tag","embeddable":true,"href":"https:\/\/alfonsosilvan.es\/en\/wp-json\/wp\/v2\/product_tag?post=1097"}],"curies":[{"name":"wp","href":"https:\/\/api.w.org\/{rel}","templated":true}]}}