{"id":1616,"date":"2025-05-21T15:11:39","date_gmt":"2025-05-21T15:11:39","guid":{"rendered":"https:\/\/alfonsosilvan.es\/?post_type=product&#038;p=1616"},"modified":"2025-09-22T08:47:23","modified_gmt":"2025-09-22T08:47:23","slug":"sonar-lamina","status":"publish","type":"product","link":"https:\/\/alfonsosilvan.es\/en\/obra\/sonar-lamina\/","title":{"rendered":"So\u00f1ar (l\u00e1mina)"},"content":{"rendered":"","protected":false},"excerpt":{"rendered":"<p>L\u00e1mina del cuadro original \u00abSo\u00f1ar\u00bb de la colecci\u00f3n Puro en Rojo<\/p>\n<ul>\n<li>Limited edition of 15 units<\/li>\n<li>Signed and numbered by hand<\/li>\n<li>Printing on 220gr photographic paper (delivered without frame)<\/li>\n<li>Size: 46 x 38 cm<\/li>\n<li>Year: 2025<\/li>\n<li>Certificate of authenticity<\/li>\n<\/ul>\n<p> &hellip; <a href=\"https:\/\/alfonsosilvan.es\/en\/obra\/sonar-lamina\/\" class=\"more-link\"><span class=\"readmore\">Continue reading<span class=\"screen-reader-text\">So\u00f1ar (l\u00e1mina)<\/span><\/span><\/a><\/p>","protected":false},"featured_media":1610,"template":"","meta":[],"product_brand":[],"product_cat":[39,47],"product_tag":[31],"class_list":{"0":"post-1616","1":"product","2":"type-product","3":"status-publish","4":"has-post-thumbnail","6":"product_cat-laminas","7":"product_cat-puroenrojo-reproduccion","8":"product_tag-paisaje","9":"product_shipping_class-laminas","11":"first","12":"instock","13":"taxable","14":"shipping-taxable","15":"purchasable","16":"product-type-simple"},"_links":{"self":[{"href":"https:\/\/alfonsosilvan.es\/en\/wp-json\/wp\/v2\/product\/1616","targetHints":{"allow":["GET"]}}],"collection":[{"href":"https:\/\/alfonsosilvan.es\/en\/wp-json\/wp\/v2\/product"}],"about":[{"href":"https:\/\/alfonsosilvan.es\/en\/wp-json\/wp\/v2\/types\/product"}],"wp:featuredmedia":[{"embeddable":true,"href":"https:\/\/alfonsosilvan.es\/en\/wp-json\/wp\/v2\/media\/1610"}],"wp:attachment":[{"href":"https:\/\/alfonsosilvan.es\/en\/wp-json\/wp\/v2\/media?parent=1616"}],"wp:term":[{"taxonomy":"product_brand","embeddable":true,"href":"https:\/\/alfonsosilvan.es\/en\/wp-json\/wp\/v2\/product_brand?post=1616"},{"taxonomy":"product_cat","embeddable":true,"href":"https:\/\/alfonsosilvan.es\/en\/wp-json\/wp\/v2\/product_cat?post=1616"},{"taxonomy":"product_tag","embeddable":true,"href":"https:\/\/alfonsosilvan.es\/en\/wp-json\/wp\/v2\/product_tag?post=1616"}],"curies":[{"name":"wp","href":"https:\/\/api.w.org\/{rel}","templated":true}]}}