{"id":1617,"date":"2025-05-21T15:19:19","date_gmt":"2025-05-21T15:19:19","guid":{"rendered":"https:\/\/alfonsosilvan.es\/?post_type=product&#038;p=1617"},"modified":"2025-05-21T16:23:19","modified_gmt":"2025-05-21T16:23:19","slug":"camaron-first-look","status":"publish","type":"product","link":"https:\/\/alfonsosilvan.es\/en\/obra\/camaron-first-look\/","title":{"rendered":"CAMAR\u00d3N &#8211; FIRST LOOK"},"content":{"rendered":"","protected":false},"excerpt":{"rendered":"<p>P\u00f3ster \u00abFirst Look\u00bb del cuadro original de Camar\u00f3n de A.Silv\u00e1n<\/p>\n<ul>\n<li>Collection: Legends<\/li>\n<li>Printing on 220gr photographic paper<\/li>\n<li>Year: 2025<\/li>\n<li>Delivered without frame<\/li>\n<\/ul>\n<p>*Seg\u00fan el tama\u00f1o elegido, var\u00eda ligeramente el dise\u00f1o del p\u00f3ster &hellip; <a href=\"https:\/\/alfonsosilvan.es\/en\/obra\/camaron-first-look\/\" class=\"more-link\"><span class=\"readmore\">Continue reading<span class=\"screen-reader-text\">CAMAR\u00d3N &#8211; FIRST LOOK<\/span><\/span><\/a><\/p>","protected":false},"featured_media":1623,"template":"","meta":[],"product_brand":[],"product_cat":[39,50],"product_tag":[32],"class_list":{"0":"post-1617","1":"product","2":"type-product","3":"status-publish","4":"has-post-thumbnail","6":"product_cat-laminas","7":"product_cat-leyendas-firstlook","8":"product_tag-retrato","9":"product_shipping_class-laminas","11":"first","12":"instock","13":"taxable","14":"shipping-taxable","15":"purchasable","16":"product-type-variable"},"_links":{"self":[{"href":"https:\/\/alfonsosilvan.es\/en\/wp-json\/wp\/v2\/product\/1617","targetHints":{"allow":["GET"]}}],"collection":[{"href":"https:\/\/alfonsosilvan.es\/en\/wp-json\/wp\/v2\/product"}],"about":[{"href":"https:\/\/alfonsosilvan.es\/en\/wp-json\/wp\/v2\/types\/product"}],"wp:featuredmedia":[{"embeddable":true,"href":"https:\/\/alfonsosilvan.es\/en\/wp-json\/wp\/v2\/media\/1623"}],"wp:attachment":[{"href":"https:\/\/alfonsosilvan.es\/en\/wp-json\/wp\/v2\/media?parent=1617"}],"wp:term":[{"taxonomy":"product_brand","embeddable":true,"href":"https:\/\/alfonsosilvan.es\/en\/wp-json\/wp\/v2\/product_brand?post=1617"},{"taxonomy":"product_cat","embeddable":true,"href":"https:\/\/alfonsosilvan.es\/en\/wp-json\/wp\/v2\/product_cat?post=1617"},{"taxonomy":"product_tag","embeddable":true,"href":"https:\/\/alfonsosilvan.es\/en\/wp-json\/wp\/v2\/product_tag?post=1617"}],"curies":[{"name":"wp","href":"https:\/\/api.w.org\/{rel}","templated":true}]}}